{"id":702,"date":"2020-08-06T12:19:54","date_gmt":"2020-08-06T10:19:54","guid":{"rendered":"https:\/\/villadjunah.com\/?page_id=702"},"modified":"2026-03-17T15:21:43","modified_gmt":"2026-03-17T14:21:43","slug":"carriere","status":"publish","type":"page","link":"https:\/\/villadjunah.com\/fr\/carriere\/","title":{"rendered":"Carri\u00e8re"},"content":{"rendered":"","protected":false},"excerpt":{"rendered":"","protected":false},"author":5,"featured_media":0,"parent":0,"menu_order":0,"comment_status":"closed","ping_status":"closed","template":"","meta":{"_monsterinsights_skip_tracking":false,"_monsterinsights_sitenote_active":false,"_monsterinsights_sitenote_note":"","_monsterinsights_sitenote_category":0},"aioseo_notices":[],"yoast_head":"<!-- This site is optimized with the Yoast SEO plugin v18.5.1 - https:\/\/yoast.com\/wordpress\/plugins\/seo\/ -->\n<title>Carri\u00e8re | Villa Djunah<\/title>\n<meta name=\"description\" content=\"Emploi restaurant Antibes : d\u00e9couvrez les offres Villa Djunah en restauration, bar, cuisine et plage priv\u00e9e.\" \/>\n<meta name=\"robots\" content=\"index, follow, max-snippet:-1, max-image-preview:large, max-video-preview:-1\" \/>\n<link rel=\"canonical\" href=\"https:\/\/villadjunah.com\/fr\/carriere\/\" \/>\n<meta property=\"og:locale\" content=\"fr_FR\" \/>\n<meta property=\"og:type\" content=\"article\" \/>\n<meta property=\"og:title\" content=\"Carri\u00e8re | Villa Djunah\" \/>\n<meta property=\"og:description\" content=\"Emploi restaurant Antibes : d\u00e9couvrez les offres Villa Djunah en restauration, bar, cuisine et plage priv\u00e9e.\" \/>\n<meta property=\"og:url\" content=\"https:\/\/villadjunah.com\/fr\/carriere\/\" \/>\n<meta property=\"og:site_name\" content=\"Villa Djunah\" \/>\n<meta property=\"article:modified_time\" content=\"2026-03-17T14:21:43+00:00\" \/>\n<meta name=\"twitter:card\" content=\"summary_large_image\" \/>\n<script type=\"application\/ld+json\" class=\"yoast-schema-graph\">{\"@context\":\"https:\/\/schema.org\",\"@graph\":[{\"@type\":\"Organization\",\"@id\":\"https:\/\/villadjunah.com\/#organization\",\"name\":\"Villa Djunah\",\"url\":\"https:\/\/villadjunah.com\/\",\"sameAs\":[],\"logo\":{\"@type\":\"ImageObject\",\"@id\":\"https:\/\/villadjunah.com\/#logo\",\"inLanguage\":\"fr-FR\",\"url\":\"https:\/\/villadjunah.com\/wp-content\/uploads\/2020\/06\/VD_Logo_Couleur-1.png\",\"contentUrl\":\"https:\/\/villadjunah.com\/wp-content\/uploads\/2020\/06\/VD_Logo_Couleur-1.png\",\"width\":174,\"height\":117,\"caption\":\"Villa Djunah\"},\"image\":{\"@id\":\"https:\/\/villadjunah.com\/#logo\"}},{\"@type\":\"WebSite\",\"@id\":\"https:\/\/villadjunah.com\/#website\",\"url\":\"https:\/\/villadjunah.com\/\",\"name\":\"Villa Djunah\",\"description\":\"Restaurant in Juan les pins\",\"publisher\":{\"@id\":\"https:\/\/villadjunah.com\/#organization\"},\"potentialAction\":[{\"@type\":\"SearchAction\",\"target\":{\"@type\":\"EntryPoint\",\"urlTemplate\":\"https:\/\/villadjunah.com\/?s={search_term_string}\"},\"query-input\":\"required name=search_term_string\"}],\"inLanguage\":\"fr-FR\"},{\"@type\":\"WebPage\",\"@id\":\"https:\/\/villadjunah.com\/fr\/carriere\/#webpage\",\"url\":\"https:\/\/villadjunah.com\/fr\/carriere\/\",\"name\":\"Carri\u00e8re | Villa Djunah\",\"isPartOf\":{\"@id\":\"https:\/\/villadjunah.com\/#website\"},\"datePublished\":\"2020-08-06T10:19:54+00:00\",\"dateModified\":\"2026-03-17T14:21:43+00:00\",\"description\":\"Emploi restaurant Antibes : d\u00e9couvrez les offres Villa Djunah en restauration, bar, cuisine et plage priv\u00e9e.\",\"breadcrumb\":{\"@id\":\"https:\/\/villadjunah.com\/fr\/carriere\/#breadcrumb\"},\"inLanguage\":\"fr-FR\",\"potentialAction\":[{\"@type\":\"ReadAction\",\"target\":[\"https:\/\/villadjunah.com\/fr\/carriere\/\"]}]},{\"@type\":\"BreadcrumbList\",\"@id\":\"https:\/\/villadjunah.com\/fr\/carriere\/#breadcrumb\",\"itemListElement\":[{\"@type\":\"ListItem\",\"position\":1,\"name\":\"Home\",\"item\":\"https:\/\/villadjunah.com\/fr\/\"},{\"@type\":\"ListItem\",\"position\":2,\"name\":\"Carri\u00e8re\"}]}]}<\/script>\n<!-- \/ Yoast SEO plugin. -->","yoast_head_json":{"title":"Carri\u00e8re | Villa Djunah","description":"Emploi restaurant Antibes : d\u00e9couvrez les offres Villa Djunah en restauration, bar, cuisine et plage priv\u00e9e.","robots":{"index":"index","follow":"follow","max-snippet":"max-snippet:-1","max-image-preview":"max-image-preview:large","max-video-preview":"max-video-preview:-1"},"canonical":"https:\/\/villadjunah.com\/fr\/carriere\/","og_locale":"fr_FR","og_type":"article","og_title":"Carri\u00e8re | Villa Djunah","og_description":"Emploi restaurant Antibes : d\u00e9couvrez les offres Villa Djunah en restauration, bar, cuisine et plage priv\u00e9e.","og_url":"https:\/\/villadjunah.com\/fr\/carriere\/","og_site_name":"Villa Djunah","article_modified_time":"2026-03-17T14:21:43+00:00","twitter_card":"summary_large_image","schema":{"@context":"https:\/\/schema.org","@graph":[{"@type":"Organization","@id":"https:\/\/villadjunah.com\/#organization","name":"Villa Djunah","url":"https:\/\/villadjunah.com\/","sameAs":[],"logo":{"@type":"ImageObject","@id":"https:\/\/villadjunah.com\/#logo","inLanguage":"fr-FR","url":"https:\/\/villadjunah.com\/wp-content\/uploads\/2020\/06\/VD_Logo_Couleur-1.png","contentUrl":"https:\/\/villadjunah.com\/wp-content\/uploads\/2020\/06\/VD_Logo_Couleur-1.png","width":174,"height":117,"caption":"Villa Djunah"},"image":{"@id":"https:\/\/villadjunah.com\/#logo"}},{"@type":"WebSite","@id":"https:\/\/villadjunah.com\/#website","url":"https:\/\/villadjunah.com\/","name":"Villa Djunah","description":"Restaurant in Juan les pins","publisher":{"@id":"https:\/\/villadjunah.com\/#organization"},"potentialAction":[{"@type":"SearchAction","target":{"@type":"EntryPoint","urlTemplate":"https:\/\/villadjunah.com\/?s={search_term_string}"},"query-input":"required name=search_term_string"}],"inLanguage":"fr-FR"},{"@type":"WebPage","@id":"https:\/\/villadjunah.com\/fr\/carriere\/#webpage","url":"https:\/\/villadjunah.com\/fr\/carriere\/","name":"Carri\u00e8re | Villa Djunah","isPartOf":{"@id":"https:\/\/villadjunah.com\/#website"},"datePublished":"2020-08-06T10:19:54+00:00","dateModified":"2026-03-17T14:21:43+00:00","description":"Emploi restaurant Antibes : d\u00e9couvrez les offres Villa Djunah en restauration, bar, cuisine et plage priv\u00e9e.","breadcrumb":{"@id":"https:\/\/villadjunah.com\/fr\/carriere\/#breadcrumb"},"inLanguage":"fr-FR","potentialAction":[{"@type":"ReadAction","target":["https:\/\/villadjunah.com\/fr\/carriere\/"]}]},{"@type":"BreadcrumbList","@id":"https:\/\/villadjunah.com\/fr\/carriere\/#breadcrumb","itemListElement":[{"@type":"ListItem","position":1,"name":"Home","item":"https:\/\/villadjunah.com\/fr\/"},{"@type":"ListItem","position":2,"name":"Carri\u00e8re"}]}]}},"acf":{"components":[{"acf_fc_layout":"hero_slider","slides":[{"title":"Emploi restaurant Antibes \u2013 Rejoindre l'\u00e9quipe Villa Djunah","type":"h2","background":{"ID":7022,"id":7022,"title":"WhatsApp Image 2026-03-17 at 15.07.37","filename":"WhatsApp-Image-2026-03-17-at-15.07.37.jpeg","filesize":291633,"url":"https:\/\/villadjunah.com\/wp-content\/uploads\/2026\/03\/WhatsApp-Image-2026-03-17-at-15.07.37.jpeg","link":"https:\/\/villadjunah.com\/fr\/carriere\/attachment\/whatsapp-image-2026-03-17-at-15-07-37\/","alt":"\u00e9quipe emploi restaurant antibes","author":"4","description":"","caption":"","name":"whatsapp-image-2026-03-17-at-15-07-37","status":"inherit","uploaded_to":702,"date":"2026-03-17 14:08:18","modified":"2026-03-17 14:08:51","menu_order":0,"mime_type":"image\/jpeg","type":"image","subtype":"jpeg","icon":"https:\/\/villadjunah.com\/wp-includes\/images\/media\/default.png","width":1066,"height":1600,"sizes":{"thumbnail":"https:\/\/villadjunah.com\/wp-content\/uploads\/2026\/03\/WhatsApp-Image-2026-03-17-at-15.07.37-150x150.jpeg","thumbnail-width":150,"thumbnail-height":150,"medium":"https:\/\/villadjunah.com\/wp-content\/uploads\/2026\/03\/WhatsApp-Image-2026-03-17-at-15.07.37-200x300.jpeg","medium-width":200,"medium-height":300,"medium_large":"https:\/\/villadjunah.com\/wp-content\/uploads\/2026\/03\/WhatsApp-Image-2026-03-17-at-15.07.37-768x1153.jpeg","medium_large-width":768,"medium_large-height":1153,"large":"https:\/\/villadjunah.com\/wp-content\/uploads\/2026\/03\/WhatsApp-Image-2026-03-17-at-15.07.37-682x1024.jpeg","large-width":682,"large-height":1024,"1536x1536":"https:\/\/villadjunah.com\/wp-content\/uploads\/2026\/03\/WhatsApp-Image-2026-03-17-at-15.07.37-1023x1536.jpeg","1536x1536-width":1023,"1536x1536-height":1536,"2048x2048":"https:\/\/villadjunah.com\/wp-content\/uploads\/2026\/03\/WhatsApp-Image-2026-03-17-at-15.07.37.jpeg","2048x2048-width":1066,"2048x2048-height":1600,"wide":"https:\/\/villadjunah.com\/wp-content\/uploads\/2026\/03\/WhatsApp-Image-2026-03-17-at-15.07.37-682x1024.jpeg","wide-width":682,"wide-height":1024,"header_logo":"https:\/\/villadjunah.com\/wp-content\/uploads\/2026\/03\/WhatsApp-Image-2026-03-17-at-15.07.37-78x117.jpeg","header_logo-width":78,"header_logo-height":117,"footer_logo":"https:\/\/villadjunah.com\/wp-content\/uploads\/2026\/03\/WhatsApp-Image-2026-03-17-at-15.07.37-153x229.jpeg","footer_logo-width":153,"footer_logo-height":229,"icon_small":"https:\/\/villadjunah.com\/wp-content\/uploads\/2026\/03\/WhatsApp-Image-2026-03-17-at-15.07.37-13x20.jpeg","icon_small-width":13,"icon_small-height":20,"icon_medium":"https:\/\/villadjunah.com\/wp-content\/uploads\/2026\/03\/WhatsApp-Image-2026-03-17-at-15.07.37-28x42.jpeg","icon_medium-width":28,"icon_medium-height":42,"slide":"https:\/\/villadjunah.com\/wp-content\/uploads\/2026\/03\/WhatsApp-Image-2026-03-17-at-15.07.37-350x525.jpeg","slide-width":350,"slide-height":525,"news_post":"https:\/\/villadjunah.com\/wp-content\/uploads\/2026\/03\/WhatsApp-Image-2026-03-17-at-15.07.37-164x246.jpeg","news_post-width":164,"news_post-height":246}},"background_position":"center","link":""}]},{"acf_fc_layout":"wysiwyg","wysiwyg":"<h2>Emploi restaurant Antibes : rejoindre l\u2019\u00e9quipe Villa Djunah<\/h2>\n<p data-start=\"324\" data-end=\"511\">Chez Villa Djunah, nous ne sommes pas seulement un restaurant ou une plage priv\u00e9e. Nous sommes avant tout un lieu de vie en bord de mer, moderne, anim\u00e9 et tourn\u00e9 vers l\u2019exp\u00e9rience.<\/p>\n<p data-start=\"513\" data-end=\"834\">Situ\u00e9 sur la C\u00f4te d\u2019Azur, Djunah Djunah r\u00e9unit restaurant, plage priv\u00e9e et bar lounge dans une ambiance estivale unique. Tout au long de la saison, le lieu s\u2019anime avec DJ sets, musique live et une programmation festive, cr\u00e9ant une atmosph\u00e8re conviviale et dynamique pour une client\u00e8le locale et internationale.<\/p>\n<p data-start=\"836\" data-end=\"1089\">Villa Djunah est \u00e9galement un lieu \u00e9v\u00e9nementiel tr\u00e8s recherch\u00e9, accueillant chaque ann\u00e9e de nombreux mariages, \u00e9v\u00e9nements priv\u00e9s et \u00e9v\u00e9nements corporate sur la plage, dans les jardins ou au sein de notre villa class\u00e9e. Ces moments uniques participent pleinement \u00e0 l\u2019\u00e9nergie et \u00e0 l\u2019identit\u00e9 du lieu.<\/p>\n<p data-start=\"1091\" data-end=\"1412\">Pour accompagner cette activit\u00e9, nous recrutons chaque saison du personnel en restauration, bar, cuisine et plage. Si vous recherchez un emploi saisonnier en restauration \u00e0 Antibes ou sur la C\u00f4te d\u2019Azur, dans un environnement international et dynamique, Villa Djunah pourrait \u00eatre l\u2019endroit id\u00e9al pour vous.<\/p>\n<h3 data-start=\"1091\" data-end=\"1412\">Travailler dans un restaurant, beach club et lieu \u00e9v\u00e9nementiel sur la C\u00f4te d\u2019Azur<\/h3>\n<p data-start=\"1509\" data-end=\"1677\">Travailler chez Villa Djunah, c\u2019est rejoindre une \u00e9quipe internationale, passionn\u00e9e et dynamique, au c\u0153ur d\u2019un \u00e9tablissement qui vit au rythme de la saison estivale.<\/p>\n<p data-start=\"1679\" data-end=\"1703\"><a href=\"https:\/\/villadjunah.com\/fr\/\">Notre activit\u00e9 combine :<\/a><\/p>\n<ul data-start=\"1705\" data-end=\"1821\">\n<li data-section-id=\"ud0b9q\" data-start=\"1705\" data-end=\"1736\">\n<p data-start=\"1707\" data-end=\"1736\">restaurant<\/p>\n<\/li>\n<li data-section-id=\"1wuha92\" data-start=\"1737\" data-end=\"1755\">\n<p data-start=\"1739\" data-end=\"1755\">plage priv\u00e9e<\/p>\n<\/li>\n<li data-section-id=\"10zpzc8\" data-start=\"1756\" data-end=\"1779\">\n<p data-start=\"1758\" data-end=\"1779\">bar lounge festif<\/p>\n<\/li>\n<li data-section-id=\"1183v4\" data-start=\"1780\" data-end=\"1821\">\n<p data-start=\"1782\" data-end=\"1821\">\u00e9v\u00e9nements priv\u00e9s et professionnels<\/p>\n<\/li>\n<\/ul>\n<p data-start=\"1971\" data-end=\"2146\">Cette diversit\u00e9 d\u2019activit\u00e9s rend chaque journ\u00e9e diff\u00e9rente et offre une exp\u00e9rience enrichissante dans l\u2019univers de la restauration et de l\u2019\u00e9v\u00e9nementiel sur la C\u00f4te d\u2019Azur.<\/p>\n<h3 data-start=\"2245\" data-end=\"2283\">Nos offres d\u2019emploi en restauration \u00e0 Antibes<\/h3>\n<p data-start=\"2355\" data-end=\"2453\">Chaque saison, Villa Djunah recrute pour plusieurs <strong data-start=\"2405\" data-end=\"2452\">m\u00e9tiers de la restauration et du beach club<\/strong>.<\/p>\n<h4 data-section-id=\"tlyvg2\" data-start=\"2455\" data-end=\"2482\">Restaurant (salle)<\/h4>\n<p data-start=\"2486\" data-end=\"2508\">Serveurs \/ serveuses<\/p>\n<p data-start=\"2511\" data-end=\"2526\">Chefs de rang<\/p>\n<p data-start=\"2529\" data-end=\"2538\">Runners<\/p>\n<h4 data-section-id=\"1r68542\" data-start=\"2540\" data-end=\"2559\">Bar lounge<\/h4>\n<p data-section-id=\"1r68542\" data-start=\"2540\" data-end=\"2559\">Barman \/ barmaid<\/p>\n<p data-start=\"2584\" data-end=\"2594\">Barbacks<\/p>\n<h4 data-section-id=\"x41n3b\" data-start=\"2596\" data-end=\"2612\">Cuisine<\/h4>\n<p data-start=\"2616\" data-end=\"2635\">Commis de cuisine<\/p>\n<p data-start=\"2638\" data-end=\"2655\">Chefs de partie<\/p>\n<p data-start=\"2658\" data-end=\"2666\">Plonge<\/p>\n<h4 data-section-id=\"10f7v6e\" data-start=\"2668\" data-end=\"2696\">\u00c9quipe plage priv\u00e9e<\/h4>\n<p data-start=\"2700\" data-end=\"2730\">Plagistes<\/p>\n<p data-start=\"2761\" data-end=\"2783\">Nageurs-sauveteurs<\/p>\n<h3 data-start=\"2245\" data-end=\"2283\">L&#8217;esprit Villa Djunah<\/h3>\n<p data-start=\"2973\" data-end=\"3067\">Au-del\u00e0 des comp\u00e9tences, nous recherchons surtout <strong data-start=\"3023\" data-end=\"3066\">des personnalit\u00e9s motiv\u00e9es et positives<\/strong>.<\/p>\n<p data-start=\"3069\" data-end=\"3104\">Chez Villa Djunah, nous valorisons :<\/p>\n<ul data-start=\"3106\" data-end=\"3269\">\n<li data-section-id=\"1aybijc\" data-start=\"3106\" data-end=\"3129\">\n<p data-start=\"3108\" data-end=\"3129\">l\u2019<strong data-start=\"3110\" data-end=\"3129\">esprit d\u2019\u00e9quipe<\/strong><\/p>\n<\/li>\n<li data-section-id=\"1yefsvl\" data-start=\"3130\" data-end=\"3149\">\n<p data-start=\"3132\" data-end=\"3149\">la <strong data-start=\"3135\" data-end=\"3149\">motivation<\/strong><\/p>\n<\/li>\n<li data-section-id=\"11bg73a\" data-start=\"3150\" data-end=\"3174\">\n<p data-start=\"3152\" data-end=\"3174\">le <strong data-start=\"3155\" data-end=\"3174\">sens du service<\/strong><\/p>\n<\/li>\n<li data-section-id=\"1a4tpkd\" data-start=\"3175\" data-end=\"3199\">\n<p data-start=\"3177\" data-end=\"3199\">l\u2019<strong data-start=\"3179\" data-end=\"3199\">\u00e9nergie positive<\/strong><\/p>\n<\/li>\n<li data-section-id=\"xsjh5b\" data-start=\"3200\" data-end=\"3269\">\n<p data-start=\"3202\" data-end=\"3269\">la capacit\u00e9 \u00e0 \u00e9voluer dans <strong data-start=\"3229\" data-end=\"3269\">un environnement dynamique et festif<\/strong><\/p>\n<\/li>\n<\/ul>\n<p data-start=\"3271\" data-end=\"3432\">Notre objectif est simple : offrir \u00e0 nos clients <strong data-start=\"3320\" data-end=\"3348\">une exp\u00e9rience m\u00e9morable<\/strong>, que ce soit pour un d\u00e9jeuner \u00e0 la plage, une soir\u00e9e anim\u00e9e, ou un \u00e9v\u00e9nement priv\u00e9.<\/p>\n<h3 data-start=\"2785\" data-end=\"2937\">Postuler \u00e0 un emploi restaurant Antibes<\/h3>\n<p data-start=\"3473\" data-end=\"3527\">Vous souhaitez rejoindre notre \u00e9quipe pour la saison ?<\/p>\n<p data-start=\"3529\" data-end=\"3638\">Consultez nos <strong data-start=\"3543\" data-end=\"3602\">offres d\u2019emploi en restauration et beach club \u00e0 Antibes<\/strong> directement sur notre page <a href=\"https:\/\/fr.indeed.com\/cmp\/Villa-Djunah-1\">Indeed<\/a> !<\/p>\n"}]},"_links":{"self":[{"href":"https:\/\/villadjunah.com\/fr\/wp-json\/wp\/v2\/pages\/702"}],"collection":[{"href":"https:\/\/villadjunah.com\/fr\/wp-json\/wp\/v2\/pages"}],"about":[{"href":"https:\/\/villadjunah.com\/fr\/wp-json\/wp\/v2\/types\/page"}],"author":[{"embeddable":true,"href":"https:\/\/villadjunah.com\/fr\/wp-json\/wp\/v2\/users\/5"}],"replies":[{"embeddable":true,"href":"https:\/\/villadjunah.com\/fr\/wp-json\/wp\/v2\/comments?post=702"}],"version-history":[{"count":13,"href":"https:\/\/villadjunah.com\/fr\/wp-json\/wp\/v2\/pages\/702\/revisions"}],"predecessor-version":[{"id":7027,"href":"https:\/\/villadjunah.com\/fr\/wp-json\/wp\/v2\/pages\/702\/revisions\/7027"}],"wp:attachment":[{"href":"https:\/\/villadjunah.com\/fr\/wp-json\/wp\/v2\/media?parent=702"}],"curies":[{"name":"wp","href":"https:\/\/api.w.org\/{rel}","templated":true}]}}