{"id":4648,"date":"2023-05-24T16:38:34","date_gmt":"2023-05-24T14:38:34","guid":{"rendered":"https:\/\/villadjunah.com\/?page_id=4648"},"modified":"2025-03-01T22:12:47","modified_gmt":"2025-03-01T21:12:47","slug":"charte-environnementale","status":"publish","type":"page","link":"https:\/\/villadjunah.com\/fr\/charte-environnementale\/","title":{"rendered":"Charte Environnementale"},"content":{"rendered":"","protected":false},"excerpt":{"rendered":"","protected":false},"author":4,"featured_media":0,"parent":0,"menu_order":0,"comment_status":"closed","ping_status":"closed","template":"","meta":{"_monsterinsights_skip_tracking":false,"_monsterinsights_sitenote_active":false,"_monsterinsights_sitenote_note":"","_monsterinsights_sitenote_category":0},"aioseo_notices":[],"yoast_head":"<!-- This site is optimized with the Yoast SEO plugin v18.5.1 - https:\/\/yoast.com\/wordpress\/plugins\/seo\/ -->\n<title>Engagement Environnemental | Villa Djunah<\/title>\n<meta name=\"description\" content=\"L&#039;engagement environnemental est notre priorit\u00e9 et nous d\u00e9ployons tous les efforts n\u00e9cessaires pour r\u00e9duire l&#039;impact de notre activit\u00e9.\" \/>\n<meta name=\"robots\" content=\"index, follow, max-snippet:-1, max-image-preview:large, max-video-preview:-1\" \/>\n<link rel=\"canonical\" href=\"https:\/\/villadjunah.com\/fr\/charte-environnementale\/\" \/>\n<meta property=\"og:locale\" content=\"fr_FR\" \/>\n<meta property=\"og:type\" content=\"article\" \/>\n<meta property=\"og:title\" content=\"Engagement Environnemental | Villa Djunah\" \/>\n<meta property=\"og:description\" content=\"L&#039;engagement environnemental est notre priorit\u00e9 et nous d\u00e9ployons tous les efforts n\u00e9cessaires pour r\u00e9duire l&#039;impact de notre activit\u00e9.\" \/>\n<meta property=\"og:url\" content=\"https:\/\/villadjunah.com\/fr\/charte-environnementale\/\" \/>\n<meta property=\"og:site_name\" content=\"Villa Djunah\" \/>\n<meta property=\"article:modified_time\" content=\"2025-03-01T21:12:47+00:00\" \/>\n<meta name=\"twitter:card\" content=\"summary_large_image\" \/>\n<script type=\"application\/ld+json\" class=\"yoast-schema-graph\">{\"@context\":\"https:\/\/schema.org\",\"@graph\":[{\"@type\":\"Organization\",\"@id\":\"https:\/\/villadjunah.com\/#organization\",\"name\":\"Villa Djunah\",\"url\":\"https:\/\/villadjunah.com\/\",\"sameAs\":[],\"logo\":{\"@type\":\"ImageObject\",\"@id\":\"https:\/\/villadjunah.com\/#logo\",\"inLanguage\":\"fr-FR\",\"url\":\"https:\/\/villadjunah.com\/wp-content\/uploads\/2020\/06\/VD_Logo_Couleur-1.png\",\"contentUrl\":\"https:\/\/villadjunah.com\/wp-content\/uploads\/2020\/06\/VD_Logo_Couleur-1.png\",\"width\":174,\"height\":117,\"caption\":\"Villa Djunah\"},\"image\":{\"@id\":\"https:\/\/villadjunah.com\/#logo\"}},{\"@type\":\"WebSite\",\"@id\":\"https:\/\/villadjunah.com\/#website\",\"url\":\"https:\/\/villadjunah.com\/\",\"name\":\"Villa Djunah\",\"description\":\"Restaurant in Juan les pins\",\"publisher\":{\"@id\":\"https:\/\/villadjunah.com\/#organization\"},\"potentialAction\":[{\"@type\":\"SearchAction\",\"target\":{\"@type\":\"EntryPoint\",\"urlTemplate\":\"https:\/\/villadjunah.com\/?s={search_term_string}\"},\"query-input\":\"required name=search_term_string\"}],\"inLanguage\":\"fr-FR\"},{\"@type\":\"WebPage\",\"@id\":\"https:\/\/villadjunah.com\/fr\/charte-environnementale\/#webpage\",\"url\":\"https:\/\/villadjunah.com\/fr\/charte-environnementale\/\",\"name\":\"Engagement Environnemental | Villa Djunah\",\"isPartOf\":{\"@id\":\"https:\/\/villadjunah.com\/#website\"},\"datePublished\":\"2023-05-24T14:38:34+00:00\",\"dateModified\":\"2025-03-01T21:12:47+00:00\",\"description\":\"L'engagement environnemental est notre priorit\u00e9 et nous d\u00e9ployons tous les efforts n\u00e9cessaires pour r\u00e9duire l'impact de notre activit\u00e9.\",\"breadcrumb\":{\"@id\":\"https:\/\/villadjunah.com\/fr\/charte-environnementale\/#breadcrumb\"},\"inLanguage\":\"fr-FR\",\"potentialAction\":[{\"@type\":\"ReadAction\",\"target\":[\"https:\/\/villadjunah.com\/fr\/charte-environnementale\/\"]}]},{\"@type\":\"BreadcrumbList\",\"@id\":\"https:\/\/villadjunah.com\/fr\/charte-environnementale\/#breadcrumb\",\"itemListElement\":[{\"@type\":\"ListItem\",\"position\":1,\"name\":\"Home\",\"item\":\"https:\/\/villadjunah.com\/fr\/\"},{\"@type\":\"ListItem\",\"position\":2,\"name\":\"Charte Environnementale\"}]}]}<\/script>\n<!-- \/ Yoast SEO plugin. -->","yoast_head_json":{"title":"Engagement Environnemental | Villa Djunah","description":"L'engagement environnemental est notre priorit\u00e9 et nous d\u00e9ployons tous les efforts n\u00e9cessaires pour r\u00e9duire l'impact de notre activit\u00e9.","robots":{"index":"index","follow":"follow","max-snippet":"max-snippet:-1","max-image-preview":"max-image-preview:large","max-video-preview":"max-video-preview:-1"},"canonical":"https:\/\/villadjunah.com\/fr\/charte-environnementale\/","og_locale":"fr_FR","og_type":"article","og_title":"Engagement Environnemental | Villa Djunah","og_description":"L'engagement environnemental est notre priorit\u00e9 et nous d\u00e9ployons tous les efforts n\u00e9cessaires pour r\u00e9duire l'impact de notre activit\u00e9.","og_url":"https:\/\/villadjunah.com\/fr\/charte-environnementale\/","og_site_name":"Villa Djunah","article_modified_time":"2025-03-01T21:12:47+00:00","twitter_card":"summary_large_image","schema":{"@context":"https:\/\/schema.org","@graph":[{"@type":"Organization","@id":"https:\/\/villadjunah.com\/#organization","name":"Villa Djunah","url":"https:\/\/villadjunah.com\/","sameAs":[],"logo":{"@type":"ImageObject","@id":"https:\/\/villadjunah.com\/#logo","inLanguage":"fr-FR","url":"https:\/\/villadjunah.com\/wp-content\/uploads\/2020\/06\/VD_Logo_Couleur-1.png","contentUrl":"https:\/\/villadjunah.com\/wp-content\/uploads\/2020\/06\/VD_Logo_Couleur-1.png","width":174,"height":117,"caption":"Villa Djunah"},"image":{"@id":"https:\/\/villadjunah.com\/#logo"}},{"@type":"WebSite","@id":"https:\/\/villadjunah.com\/#website","url":"https:\/\/villadjunah.com\/","name":"Villa Djunah","description":"Restaurant in Juan les pins","publisher":{"@id":"https:\/\/villadjunah.com\/#organization"},"potentialAction":[{"@type":"SearchAction","target":{"@type":"EntryPoint","urlTemplate":"https:\/\/villadjunah.com\/?s={search_term_string}"},"query-input":"required name=search_term_string"}],"inLanguage":"fr-FR"},{"@type":"WebPage","@id":"https:\/\/villadjunah.com\/fr\/charte-environnementale\/#webpage","url":"https:\/\/villadjunah.com\/fr\/charte-environnementale\/","name":"Engagement Environnemental | Villa Djunah","isPartOf":{"@id":"https:\/\/villadjunah.com\/#website"},"datePublished":"2023-05-24T14:38:34+00:00","dateModified":"2025-03-01T21:12:47+00:00","description":"L'engagement environnemental est notre priorit\u00e9 et nous d\u00e9ployons tous les efforts n\u00e9cessaires pour r\u00e9duire l'impact de notre activit\u00e9.","breadcrumb":{"@id":"https:\/\/villadjunah.com\/fr\/charte-environnementale\/#breadcrumb"},"inLanguage":"fr-FR","potentialAction":[{"@type":"ReadAction","target":["https:\/\/villadjunah.com\/fr\/charte-environnementale\/"]}]},{"@type":"BreadcrumbList","@id":"https:\/\/villadjunah.com\/fr\/charte-environnementale\/#breadcrumb","itemListElement":[{"@type":"ListItem","position":1,"name":"Home","item":"https:\/\/villadjunah.com\/fr\/"},{"@type":"ListItem","position":2,"name":"Charte Environnementale"}]}]}},"acf":{"components":[{"acf_fc_layout":"title","type":"h1","align":"center","title":"Charte Environnementale","color":"#0B534A","font_fam":"Rollando","big":true},{"acf_fc_layout":"wysiwyg","wysiwyg":"<h2 data-start=\"202\" data-end=\"265\"><\/h2>\n<h2 data-start=\"202\" data-end=\"265\"><strong data-start=\"202\" data-end=\"265\">Notre engagement environnemental : une priorit\u00e9 depuis 2019\u00a0<\/strong><\/h2>\n<p data-start=\"267\" data-end=\"642\">Depuis 2019, nous avons fait de notre <strong data-start=\"305\" data-end=\"335\">engagement environnemental<\/strong> une priorit\u00e9. Chaque jour, nous mettons en place des actions concr\u00e8tes pour r\u00e9duire notre impact sur l\u2019environnement. Nous nous engageons activement \u00e0 pr\u00e9server les ressources naturelles, \u00e0 promouvoir des pratiques \u00e9coresponsables et \u00e0 sensibiliser nos \u00e9quipes ainsi que nos clients aux gestes \u00e9cologiques.<\/p>\n<h3 data-start=\"587\" data-end=\"686\"><strong data-start=\"591\" data-end=\"686\">Sensibilisation \u00e0 la protection de l&#8217;environnement au sein de nos \u00e9quipes et de nos clients<\/strong><\/h3>\n<p data-start=\"688\" data-end=\"925\">Nous formons nos \u00e9quipes aux \u00e9cogestes \u00e0 adopter dans leur travail quotidien pour renforcer notre <strong data-start=\"786\" data-end=\"816\">engagement environnemental<\/strong>. Nous s\u00e9lectionnons \u00e9galement nos fournisseurs en fonction de leurs engagements environnementaux et sociaux.<\/p>\n<p data-start=\"927\" data-end=\"1161\">Pour encourager la mobilit\u00e9 douce, nous mettons \u00e0 disposition un parking \u00e0 v\u00e9los. Nous organisons aussi des activit\u00e9s r\u00e9guli\u00e8res, comme des collectes de d\u00e9chets sur la plage et des ateliers de sensibilisation \u00e0 la biodiversit\u00e9 marine.<\/p>\n<h3 data-start=\"1163\" data-end=\"1243\"><strong data-start=\"1167\" data-end=\"1243\">Optimisation de la consommation d&#8217;eau et d&#8217;\u00e9nergie pour un impact r\u00e9duit<\/strong><\/h3>\n<p data-start=\"1245\" data-end=\"1625\">Nous suivons notre consommation d\u2019eau et d\u2019\u00e9lectricit\u00e9 chaque mois afin de mieux la g\u00e9rer et de limiter le gaspillage. Plus de 75 % de notre \u00e9clairage fonctionne avec des ampoules LED ou basse consommation, r\u00e9duisant ainsi notre impact \u00e9nerg\u00e9tique. Dans les espaces communs, nous avons install\u00e9 des d\u00e9tecteurs de mouvement et des minuteries pour \u00e9viter toute consommation inutile.<\/p>\n<p data-start=\"1627\" data-end=\"1872\">Pour diminuer notre empreinte carbone, nous avons \u00e9quip\u00e9 notre pergola de chauffages \u00e0 granul\u00e9s de bois. Nous utilisons \u00e9galement un <a href=\"https:\/\/www.amilo.earth\/\">syst\u00e8me de filtration d\u2019eau AMILO<\/a>, qui purifie l\u2019eau du robinet et \u00e9limine le besoin de bouteilles en plastique.<\/p>\n<h3 data-start=\"1874\" data-end=\"1944\"><strong data-start=\"1878\" data-end=\"1944\">R\u00e9duction et recyclage des d\u00e9chets pour un avenir plus durable<\/strong><\/h3>\n<p data-start=\"1946\" data-end=\"2145\">Nous avons mis en place des points de tri s\u00e9lectif dans la cuisine, au bar et en salle. De plus, nous collectons nos biod\u00e9chets et les compostons sur place, les transformant ainsi en engrais naturel.<\/p>\n<h3 data-start=\"2147\" data-end=\"2226\"><strong data-start=\"2151\" data-end=\"2226\">Garantir le bien-\u00eatre de nos clients tout en pr\u00e9servant l&#8217;environnement<\/strong><\/h3>\n<p data-start=\"2228\" data-end=\"2553\">Nous privil\u00e9gions des ingr\u00e9dients de saison et d\u2019origine locale pour nos plats, avec des options v\u00e9g\u00e9tariennes pour r\u00e9duire notre impact environnemental. Tous nos produits d\u2019entretien et savons liquides sont \u00e9colabellis\u00e9s, garantissant une meilleure qualit\u00e9 de l\u2019air et un cadre plus sain pour nos clients et notre personnel.<\/p>\n<h3 data-start=\"2555\" data-end=\"2621\"><strong data-start=\"2559\" data-end=\"2621\">Vers un avenir plus responsable : notre engagement durable<\/strong><\/h3>\n<p data-start=\"2623\" data-end=\"2873\">Nous cherchons en permanence \u00e0 am\u00e9liorer nos pratiques environnementales. Pour aller plus loin, nous sommes en cours de <a href=\"https:\/\/www.laclefverte.org\/\">labellisation Clef Verte<\/a>, un label qui r\u00e9compense les \u00e9tablissements engag\u00e9s dans une d\u00e9marche \u00e9cologique rigoureuse et dynamique.<\/p>\n<p data-start=\"2875\" data-end=\"3037\">En choisissant notre \u00e9tablissement, vous soutenez une approche plus responsable et respectueuse de l\u2019environnement. Merci de faire partie de cette belle aventure.<\/p>\n"}]},"_links":{"self":[{"href":"https:\/\/villadjunah.com\/fr\/wp-json\/wp\/v2\/pages\/4648"}],"collection":[{"href":"https:\/\/villadjunah.com\/fr\/wp-json\/wp\/v2\/pages"}],"about":[{"href":"https:\/\/villadjunah.com\/fr\/wp-json\/wp\/v2\/types\/page"}],"author":[{"embeddable":true,"href":"https:\/\/villadjunah.com\/fr\/wp-json\/wp\/v2\/users\/4"}],"replies":[{"embeddable":true,"href":"https:\/\/villadjunah.com\/fr\/wp-json\/wp\/v2\/comments?post=4648"}],"version-history":[{"count":12,"href":"https:\/\/villadjunah.com\/fr\/wp-json\/wp\/v2\/pages\/4648\/revisions"}],"predecessor-version":[{"id":6320,"href":"https:\/\/villadjunah.com\/fr\/wp-json\/wp\/v2\/pages\/4648\/revisions\/6320"}],"wp:attachment":[{"href":"https:\/\/villadjunah.com\/fr\/wp-json\/wp\/v2\/media?parent=4648"}],"curies":[{"name":"wp","href":"https:\/\/api.w.org\/{rel}","templated":true}]}}