{"id":160,"date":"2020-06-19T16:29:09","date_gmt":"2020-06-19T14:29:09","guid":{"rendered":"https:\/\/villadjunah.com\/our-story\/"},"modified":"2023-02-18T17:25:38","modified_gmt":"2023-02-18T16:25:38","slug":"notre-histoire","status":"publish","type":"page","link":"https:\/\/villadjunah.com\/fr\/notre-histoire\/","title":{"rendered":"HISTOIRE"},"content":{"rendered":"","protected":false},"excerpt":{"rendered":"","protected":false},"author":5,"featured_media":0,"parent":0,"menu_order":0,"comment_status":"closed","ping_status":"closed","template":"","meta":{"_monsterinsights_skip_tracking":false,"_monsterinsights_sitenote_active":false,"_monsterinsights_sitenote_note":"","_monsterinsights_sitenote_category":0},"aioseo_notices":[],"yoast_head":"<!-- This site is optimized with the Yoast SEO plugin v18.5.1 - https:\/\/yoast.com\/wordpress\/plugins\/seo\/ -->\n<title>Villa El Dj\u00e9zair : d\u00e9couvrez l&#039;histoire de la Villa Djunah \u00e0 Juan les Pins<\/title>\n<meta name=\"description\" content=\"D\u00e9couvrez l&#039;histoire de la Villa Djunah \u00e0 Juan les Pins, anciennement la Villa El Dj\u00e9zair devenue un lieu culte dans le secteur d&#039;Antibes.\" \/>\n<meta name=\"robots\" content=\"index, follow, max-snippet:-1, max-image-preview:large, max-video-preview:-1\" \/>\n<link rel=\"canonical\" href=\"https:\/\/villadjunah.com\/fr\/notre-histoire\/\" \/>\n<meta property=\"og:locale\" content=\"fr_FR\" \/>\n<meta property=\"og:type\" content=\"article\" \/>\n<meta property=\"og:title\" content=\"Villa El Dj\u00e9zair : d\u00e9couvrez l&#039;histoire de la Villa Djunah \u00e0 Juan les Pins\" \/>\n<meta property=\"og:description\" content=\"D\u00e9couvrez l&#039;histoire de la Villa Djunah \u00e0 Juan les Pins, anciennement la Villa El Dj\u00e9zair devenue un lieu culte dans le secteur d&#039;Antibes.\" \/>\n<meta property=\"og:url\" content=\"https:\/\/villadjunah.com\/fr\/notre-histoire\/\" \/>\n<meta property=\"og:site_name\" content=\"Villa Djunah\" \/>\n<meta property=\"article:modified_time\" content=\"2023-02-18T16:25:38+00:00\" \/>\n<meta name=\"twitter:card\" content=\"summary_large_image\" \/>\n<script type=\"application\/ld+json\" class=\"yoast-schema-graph\">{\"@context\":\"https:\/\/schema.org\",\"@graph\":[{\"@type\":\"Organization\",\"@id\":\"https:\/\/villadjunah.com\/#organization\",\"name\":\"Villa Djunah\",\"url\":\"https:\/\/villadjunah.com\/\",\"sameAs\":[],\"logo\":{\"@type\":\"ImageObject\",\"@id\":\"https:\/\/villadjunah.com\/#logo\",\"inLanguage\":\"fr-FR\",\"url\":\"https:\/\/villadjunah.com\/wp-content\/uploads\/2020\/06\/VD_Logo_Couleur-1.png\",\"contentUrl\":\"https:\/\/villadjunah.com\/wp-content\/uploads\/2020\/06\/VD_Logo_Couleur-1.png\",\"width\":174,\"height\":117,\"caption\":\"Villa Djunah\"},\"image\":{\"@id\":\"https:\/\/villadjunah.com\/#logo\"}},{\"@type\":\"WebSite\",\"@id\":\"https:\/\/villadjunah.com\/#website\",\"url\":\"https:\/\/villadjunah.com\/\",\"name\":\"Villa Djunah\",\"description\":\"Restaurant in Juan les pins\",\"publisher\":{\"@id\":\"https:\/\/villadjunah.com\/#organization\"},\"potentialAction\":[{\"@type\":\"SearchAction\",\"target\":{\"@type\":\"EntryPoint\",\"urlTemplate\":\"https:\/\/villadjunah.com\/?s={search_term_string}\"},\"query-input\":\"required name=search_term_string\"}],\"inLanguage\":\"fr-FR\"},{\"@type\":\"WebPage\",\"@id\":\"https:\/\/villadjunah.com\/fr\/notre-histoire\/#webpage\",\"url\":\"https:\/\/villadjunah.com\/fr\/notre-histoire\/\",\"name\":\"Villa El Dj\u00e9zair : d\u00e9couvrez l'histoire de la Villa Djunah \u00e0 Juan les Pins\",\"isPartOf\":{\"@id\":\"https:\/\/villadjunah.com\/#website\"},\"datePublished\":\"2020-06-19T14:29:09+00:00\",\"dateModified\":\"2023-02-18T16:25:38+00:00\",\"description\":\"D\u00e9couvrez l'histoire de la Villa Djunah \u00e0 Juan les Pins, anciennement la Villa El Dj\u00e9zair devenue un lieu culte dans le secteur d'Antibes.\",\"breadcrumb\":{\"@id\":\"https:\/\/villadjunah.com\/fr\/notre-histoire\/#breadcrumb\"},\"inLanguage\":\"fr-FR\",\"potentialAction\":[{\"@type\":\"ReadAction\",\"target\":[\"https:\/\/villadjunah.com\/fr\/notre-histoire\/\"]}]},{\"@type\":\"BreadcrumbList\",\"@id\":\"https:\/\/villadjunah.com\/fr\/notre-histoire\/#breadcrumb\",\"itemListElement\":[{\"@type\":\"ListItem\",\"position\":1,\"name\":\"Home\",\"item\":\"https:\/\/villadjunah.com\/fr\/\"},{\"@type\":\"ListItem\",\"position\":2,\"name\":\"HISTOIRE\"}]}]}<\/script>\n<!-- \/ Yoast SEO plugin. -->","yoast_head_json":{"title":"Villa El Dj\u00e9zair : d\u00e9couvrez l'histoire de la Villa Djunah \u00e0 Juan les Pins","description":"D\u00e9couvrez l'histoire de la Villa Djunah \u00e0 Juan les Pins, anciennement la Villa El Dj\u00e9zair devenue un lieu culte dans le secteur d'Antibes.","robots":{"index":"index","follow":"follow","max-snippet":"max-snippet:-1","max-image-preview":"max-image-preview:large","max-video-preview":"max-video-preview:-1"},"canonical":"https:\/\/villadjunah.com\/fr\/notre-histoire\/","og_locale":"fr_FR","og_type":"article","og_title":"Villa El Dj\u00e9zair : d\u00e9couvrez l'histoire de la Villa Djunah \u00e0 Juan les Pins","og_description":"D\u00e9couvrez l'histoire de la Villa Djunah \u00e0 Juan les Pins, anciennement la Villa El Dj\u00e9zair devenue un lieu culte dans le secteur d'Antibes.","og_url":"https:\/\/villadjunah.com\/fr\/notre-histoire\/","og_site_name":"Villa Djunah","article_modified_time":"2023-02-18T16:25:38+00:00","twitter_card":"summary_large_image","schema":{"@context":"https:\/\/schema.org","@graph":[{"@type":"Organization","@id":"https:\/\/villadjunah.com\/#organization","name":"Villa Djunah","url":"https:\/\/villadjunah.com\/","sameAs":[],"logo":{"@type":"ImageObject","@id":"https:\/\/villadjunah.com\/#logo","inLanguage":"fr-FR","url":"https:\/\/villadjunah.com\/wp-content\/uploads\/2020\/06\/VD_Logo_Couleur-1.png","contentUrl":"https:\/\/villadjunah.com\/wp-content\/uploads\/2020\/06\/VD_Logo_Couleur-1.png","width":174,"height":117,"caption":"Villa Djunah"},"image":{"@id":"https:\/\/villadjunah.com\/#logo"}},{"@type":"WebSite","@id":"https:\/\/villadjunah.com\/#website","url":"https:\/\/villadjunah.com\/","name":"Villa Djunah","description":"Restaurant in Juan les pins","publisher":{"@id":"https:\/\/villadjunah.com\/#organization"},"potentialAction":[{"@type":"SearchAction","target":{"@type":"EntryPoint","urlTemplate":"https:\/\/villadjunah.com\/?s={search_term_string}"},"query-input":"required name=search_term_string"}],"inLanguage":"fr-FR"},{"@type":"WebPage","@id":"https:\/\/villadjunah.com\/fr\/notre-histoire\/#webpage","url":"https:\/\/villadjunah.com\/fr\/notre-histoire\/","name":"Villa El Dj\u00e9zair : d\u00e9couvrez l'histoire de la Villa Djunah \u00e0 Juan les Pins","isPartOf":{"@id":"https:\/\/villadjunah.com\/#website"},"datePublished":"2020-06-19T14:29:09+00:00","dateModified":"2023-02-18T16:25:38+00:00","description":"D\u00e9couvrez l'histoire de la Villa Djunah \u00e0 Juan les Pins, anciennement la Villa El Dj\u00e9zair devenue un lieu culte dans le secteur d'Antibes.","breadcrumb":{"@id":"https:\/\/villadjunah.com\/fr\/notre-histoire\/#breadcrumb"},"inLanguage":"fr-FR","potentialAction":[{"@type":"ReadAction","target":["https:\/\/villadjunah.com\/fr\/notre-histoire\/"]}]},{"@type":"BreadcrumbList","@id":"https:\/\/villadjunah.com\/fr\/notre-histoire\/#breadcrumb","itemListElement":[{"@type":"ListItem","position":1,"name":"Home","item":"https:\/\/villadjunah.com\/fr\/"},{"@type":"ListItem","position":2,"name":"HISTOIRE"}]}]}},"acf":{"components":[{"acf_fc_layout":"space","value":"2rem"},{"acf_fc_layout":"text_image","text_right":false,"title":"Notre Histoire","type":"h1","text":"<h2><strong>La\u00a0renaissance d&#8217;un lieu d&#8217;exception, la Villa El Dj\u00e9za\u00efr<\/strong><\/h2>\n<div>\n<p>S<span lang=\"FR\">itu\u00e9e s<\/span>ur le <span lang=\"FR\">b<\/span>o<span lang=\"FR\">rd de mer entre le centre de Cannes et le Vieil Antibes et <\/span><span lang=\"FR\">b<\/span>\u00e2tie en 1922 \u00e0 la demande de Camille Chr\u00e9tien, Villa Djunah surprend par son architecture n\u00e9o-mauresque, atypique au moment de sa construction. En souvenir de ses voyages en Alg\u00e9rie, son propri\u00e9taire la nomme El Dj\u00e9za\u00efr (Alg\u00e9rie en arabe).<b><\/b><\/p>\n<\/div>\n<div>\n<h3>Monument Historique \u00e0 Antibes Juan-les-Pins &#8230;<\/h3>\n<p>Inscrite au titre des Monuments Historiques depuis 1999, elle re\u00e7oit le label \u2018Patrimoine du XXe si\u00e8cle\u2019.<\/p>\n<\/div>\n<div>\n<p>Il nous aura fallu de nombreuses ann\u00e9es pour rouvrir les portes de ce lieu d\u2019exception offrant un vrai havre de paix dans un \u00e9crin mythique hors du temps.<\/p>\n<h4>Aujourd&#8217;hui, renomm\u00e9e Villa Djunah<\/h4>\n<\/div>\n<div>\n<p>Djunah, une fusion de deux mots arabes. Incroyable. Pavillon.<\/p>\n<\/div>\n<div>\n<p>Depuis 2019, Villa Djunah insuffle un vent de renouveau \u00e0 Antibes \u2013 Juan-les-Pins.<\/p>\n<\/div>\n<div>\n<p>Elle propose une cuisine originale et conviviale mettant en avant des mets du <span lang=\"FR\">Moyen-Orient <\/span>aux mille et une saveurs <span lang=\"FR\">libanaises, grecques, turques, syriennes, isra\u00e9liennes et bien plus encore. <\/span>\u00c0 vivre de jour comme de nuit, c\u2019est un lieu hybride intime et festif d\u00e9pendant de l\u2019heure et de vos envies.<\/p>\n<\/div>\n<div>\n<p>Rejoignez nos nombreuses <a href=\"https:\/\/villadjunah.com\/fr\/actus\/?_sft_category=news\">animations<\/a> aussi bien musicales, festives et artistiques que de bien-\u00eatres.<\/p>\n<\/div>\n<div><\/div>\n<div>\n<p>&nbsp;<\/p>\n<\/div>\n","subtext":"","image":{"ID":136,"id":136,"title":"maddi-bazzocco-cVmNIJCa1XA-unsplash","filename":"maddi-bazzocco-cVmNIJCa1XA-unsplash.png","filesize":180628,"url":"https:\/\/villadjunah.com\/wp-content\/uploads\/2020\/06\/maddi-bazzocco-cVmNIJCa1XA-unsplash.png","link":"https:\/\/villadjunah.com\/fr\/accueil\/attachment\/maddi-bazzocco-cvmnijca1xa-unsplash\/","alt":"villa djunah - restaurant bar gardens","author":"5","description":"","caption":"","name":"maddi-bazzocco-cvmnijca1xa-unsplash","status":"inherit","uploaded_to":130,"date":"2020-06-18 15:54:24","modified":"2022-03-22 14:58:06","menu_order":0,"mime_type":"image\/png","type":"image","subtype":"png","icon":"https:\/\/villadjunah.com\/wp-includes\/images\/media\/default.png","width":450,"height":526,"sizes":{"thumbnail":"https:\/\/villadjunah.com\/wp-content\/uploads\/2020\/06\/maddi-bazzocco-cVmNIJCa1XA-unsplash-150x150.png","thumbnail-width":150,"thumbnail-height":150,"medium":"https:\/\/villadjunah.com\/wp-content\/uploads\/2020\/06\/maddi-bazzocco-cVmNIJCa1XA-unsplash-257x300.png","medium-width":257,"medium-height":300,"medium_large":"https:\/\/villadjunah.com\/wp-content\/uploads\/2020\/06\/maddi-bazzocco-cVmNIJCa1XA-unsplash.png","medium_large-width":450,"medium_large-height":526,"large":"https:\/\/villadjunah.com\/wp-content\/uploads\/2020\/06\/maddi-bazzocco-cVmNIJCa1XA-unsplash.png","large-width":450,"large-height":526,"1536x1536":"https:\/\/villadjunah.com\/wp-content\/uploads\/2020\/06\/maddi-bazzocco-cVmNIJCa1XA-unsplash.png","1536x1536-width":450,"1536x1536-height":526,"2048x2048":"https:\/\/villadjunah.com\/wp-content\/uploads\/2020\/06\/maddi-bazzocco-cVmNIJCa1XA-unsplash.png","2048x2048-width":450,"2048x2048-height":526,"wide":"https:\/\/villadjunah.com\/wp-content\/uploads\/2020\/06\/maddi-bazzocco-cVmNIJCa1XA-unsplash.png","wide-width":450,"wide-height":526,"header_logo":"https:\/\/villadjunah.com\/wp-content\/uploads\/2020\/06\/maddi-bazzocco-cVmNIJCa1XA-unsplash-100x117.png","header_logo-width":100,"header_logo-height":117,"footer_logo":"https:\/\/villadjunah.com\/wp-content\/uploads\/2020\/06\/maddi-bazzocco-cVmNIJCa1XA-unsplash-196x229.png","footer_logo-width":196,"footer_logo-height":229,"icon_small":"https:\/\/villadjunah.com\/wp-content\/uploads\/2020\/06\/maddi-bazzocco-cVmNIJCa1XA-unsplash-17x20.png","icon_small-width":17,"icon_small-height":20,"icon_medium":"https:\/\/villadjunah.com\/wp-content\/uploads\/2020\/06\/maddi-bazzocco-cVmNIJCa1XA-unsplash-36x42.png","icon_medium-width":36,"icon_medium-height":42,"slide":"https:\/\/villadjunah.com\/wp-content\/uploads\/2020\/06\/maddi-bazzocco-cVmNIJCa1XA-unsplash-432x505.png","slide-width":432,"slide-height":505,"news_post":"https:\/\/villadjunah.com\/wp-content\/uploads\/2020\/06\/maddi-bazzocco-cVmNIJCa1XA-unsplash-210x246.png","news_post-width":210,"news_post-height":246}},"button":"","image_neg":false}]},"_links":{"self":[{"href":"https:\/\/villadjunah.com\/fr\/wp-json\/wp\/v2\/pages\/160"}],"collection":[{"href":"https:\/\/villadjunah.com\/fr\/wp-json\/wp\/v2\/pages"}],"about":[{"href":"https:\/\/villadjunah.com\/fr\/wp-json\/wp\/v2\/types\/page"}],"author":[{"embeddable":true,"href":"https:\/\/villadjunah.com\/fr\/wp-json\/wp\/v2\/users\/5"}],"replies":[{"embeddable":true,"href":"https:\/\/villadjunah.com\/fr\/wp-json\/wp\/v2\/comments?post=160"}],"version-history":[{"count":24,"href":"https:\/\/villadjunah.com\/fr\/wp-json\/wp\/v2\/pages\/160\/revisions"}],"predecessor-version":[{"id":3970,"href":"https:\/\/villadjunah.com\/fr\/wp-json\/wp\/v2\/pages\/160\/revisions\/3970"}],"wp:attachment":[{"href":"https:\/\/villadjunah.com\/fr\/wp-json\/wp\/v2\/media?parent=160"}],"curies":[{"name":"wp","href":"https:\/\/api.w.org\/{rel}","templated":true}]}}