{"id":157,"date":"2020-06-19T17:20:08","date_gmt":"2020-06-19T15:20:08","guid":{"rendered":"https:\/\/villadjunah.com\/our-company\/"},"modified":"2025-03-01T22:11:09","modified_gmt":"2025-03-01T21:11:09","slug":"qui-sommes-nous","status":"publish","type":"page","link":"https:\/\/villadjunah.com\/fr\/qui-sommes-nous\/","title":{"rendered":"Qui sommes-nous ?"},"content":{"rendered":"","protected":false},"excerpt":{"rendered":"","protected":false},"author":5,"featured_media":0,"parent":0,"menu_order":0,"comment_status":"closed","ping_status":"closed","template":"","meta":{"_monsterinsights_skip_tracking":false,"_monsterinsights_sitenote_active":false,"_monsterinsights_sitenote_note":"","_monsterinsights_sitenote_category":0},"aioseo_notices":[],"yoast_head":"<!-- This site is optimized with the Yoast SEO plugin v18.5.1 - https:\/\/yoast.com\/wordpress\/plugins\/seo\/ -->\n<title>O&#039;Sullivans Groupe | Propri\u00e9taire de Villa Djunah Bar &amp; Restaurant \u00e0 Antibes<\/title>\n<meta name=\"description\" content=\"Villa Djunah Bar et Restaurant \u00e0 Juan les Pins appartient au Groupe O&#039;Sullivans, propri\u00e9taires de pubs irlandais, restaurants, micro-brasseries en France\" \/>\n<meta name=\"robots\" content=\"index, follow, max-snippet:-1, max-image-preview:large, max-video-preview:-1\" \/>\n<link rel=\"canonical\" href=\"https:\/\/villadjunah.com\/fr\/qui-sommes-nous\/\" \/>\n<meta property=\"og:locale\" content=\"fr_FR\" \/>\n<meta property=\"og:type\" content=\"article\" \/>\n<meta property=\"og:title\" content=\"O&#039;Sullivans Groupe | Propri\u00e9taire de Villa Djunah Bar &amp; Restaurant \u00e0 Antibes\" \/>\n<meta property=\"og:description\" content=\"Villa Djunah Bar et Restaurant \u00e0 Juan les Pins appartient au Groupe O&#039;Sullivans, propri\u00e9taires de pubs irlandais, restaurants, micro-brasseries en France\" \/>\n<meta property=\"og:url\" content=\"https:\/\/villadjunah.com\/fr\/qui-sommes-nous\/\" \/>\n<meta property=\"og:site_name\" content=\"Villa Djunah\" \/>\n<meta property=\"article:modified_time\" content=\"2025-03-01T21:11:09+00:00\" \/>\n<meta name=\"twitter:card\" content=\"summary_large_image\" \/>\n<script type=\"application\/ld+json\" class=\"yoast-schema-graph\">{\"@context\":\"https:\/\/schema.org\",\"@graph\":[{\"@type\":\"Organization\",\"@id\":\"https:\/\/villadjunah.com\/#organization\",\"name\":\"Villa Djunah\",\"url\":\"https:\/\/villadjunah.com\/\",\"sameAs\":[],\"logo\":{\"@type\":\"ImageObject\",\"@id\":\"https:\/\/villadjunah.com\/#logo\",\"inLanguage\":\"fr-FR\",\"url\":\"https:\/\/villadjunah.com\/wp-content\/uploads\/2020\/06\/VD_Logo_Couleur-1.png\",\"contentUrl\":\"https:\/\/villadjunah.com\/wp-content\/uploads\/2020\/06\/VD_Logo_Couleur-1.png\",\"width\":174,\"height\":117,\"caption\":\"Villa Djunah\"},\"image\":{\"@id\":\"https:\/\/villadjunah.com\/#logo\"}},{\"@type\":\"WebSite\",\"@id\":\"https:\/\/villadjunah.com\/#website\",\"url\":\"https:\/\/villadjunah.com\/\",\"name\":\"Villa Djunah\",\"description\":\"Restaurant in Juan les pins\",\"publisher\":{\"@id\":\"https:\/\/villadjunah.com\/#organization\"},\"potentialAction\":[{\"@type\":\"SearchAction\",\"target\":{\"@type\":\"EntryPoint\",\"urlTemplate\":\"https:\/\/villadjunah.com\/?s={search_term_string}\"},\"query-input\":\"required name=search_term_string\"}],\"inLanguage\":\"fr-FR\"},{\"@type\":\"WebPage\",\"@id\":\"https:\/\/villadjunah.com\/fr\/qui-sommes-nous\/#webpage\",\"url\":\"https:\/\/villadjunah.com\/fr\/qui-sommes-nous\/\",\"name\":\"O'Sullivans Groupe | Propri\u00e9taire de Villa Djunah Bar & Restaurant \u00e0 Antibes\",\"isPartOf\":{\"@id\":\"https:\/\/villadjunah.com\/#website\"},\"datePublished\":\"2020-06-19T15:20:08+00:00\",\"dateModified\":\"2025-03-01T21:11:09+00:00\",\"description\":\"Villa Djunah Bar et Restaurant \u00e0 Juan les Pins appartient au Groupe O'Sullivans, propri\u00e9taires de pubs irlandais, restaurants, micro-brasseries en France\",\"breadcrumb\":{\"@id\":\"https:\/\/villadjunah.com\/fr\/qui-sommes-nous\/#breadcrumb\"},\"inLanguage\":\"fr-FR\",\"potentialAction\":[{\"@type\":\"ReadAction\",\"target\":[\"https:\/\/villadjunah.com\/fr\/qui-sommes-nous\/\"]}]},{\"@type\":\"BreadcrumbList\",\"@id\":\"https:\/\/villadjunah.com\/fr\/qui-sommes-nous\/#breadcrumb\",\"itemListElement\":[{\"@type\":\"ListItem\",\"position\":1,\"name\":\"Home\",\"item\":\"https:\/\/villadjunah.com\/fr\/\"},{\"@type\":\"ListItem\",\"position\":2,\"name\":\"Qui sommes-nous ?\"}]}]}<\/script>\n<!-- \/ Yoast SEO plugin. -->","yoast_head_json":{"title":"O'Sullivans Groupe | Propri\u00e9taire de Villa Djunah Bar & Restaurant \u00e0 Antibes","description":"Villa Djunah Bar et Restaurant \u00e0 Juan les Pins appartient au Groupe O'Sullivans, propri\u00e9taires de pubs irlandais, restaurants, micro-brasseries en France","robots":{"index":"index","follow":"follow","max-snippet":"max-snippet:-1","max-image-preview":"max-image-preview:large","max-video-preview":"max-video-preview:-1"},"canonical":"https:\/\/villadjunah.com\/fr\/qui-sommes-nous\/","og_locale":"fr_FR","og_type":"article","og_title":"O'Sullivans Groupe | Propri\u00e9taire de Villa Djunah Bar & Restaurant \u00e0 Antibes","og_description":"Villa Djunah Bar et Restaurant \u00e0 Juan les Pins appartient au Groupe O'Sullivans, propri\u00e9taires de pubs irlandais, restaurants, micro-brasseries en France","og_url":"https:\/\/villadjunah.com\/fr\/qui-sommes-nous\/","og_site_name":"Villa Djunah","article_modified_time":"2025-03-01T21:11:09+00:00","twitter_card":"summary_large_image","schema":{"@context":"https:\/\/schema.org","@graph":[{"@type":"Organization","@id":"https:\/\/villadjunah.com\/#organization","name":"Villa Djunah","url":"https:\/\/villadjunah.com\/","sameAs":[],"logo":{"@type":"ImageObject","@id":"https:\/\/villadjunah.com\/#logo","inLanguage":"fr-FR","url":"https:\/\/villadjunah.com\/wp-content\/uploads\/2020\/06\/VD_Logo_Couleur-1.png","contentUrl":"https:\/\/villadjunah.com\/wp-content\/uploads\/2020\/06\/VD_Logo_Couleur-1.png","width":174,"height":117,"caption":"Villa Djunah"},"image":{"@id":"https:\/\/villadjunah.com\/#logo"}},{"@type":"WebSite","@id":"https:\/\/villadjunah.com\/#website","url":"https:\/\/villadjunah.com\/","name":"Villa Djunah","description":"Restaurant in Juan les pins","publisher":{"@id":"https:\/\/villadjunah.com\/#organization"},"potentialAction":[{"@type":"SearchAction","target":{"@type":"EntryPoint","urlTemplate":"https:\/\/villadjunah.com\/?s={search_term_string}"},"query-input":"required name=search_term_string"}],"inLanguage":"fr-FR"},{"@type":"WebPage","@id":"https:\/\/villadjunah.com\/fr\/qui-sommes-nous\/#webpage","url":"https:\/\/villadjunah.com\/fr\/qui-sommes-nous\/","name":"O'Sullivans Groupe | Propri\u00e9taire de Villa Djunah Bar & Restaurant \u00e0 Antibes","isPartOf":{"@id":"https:\/\/villadjunah.com\/#website"},"datePublished":"2020-06-19T15:20:08+00:00","dateModified":"2025-03-01T21:11:09+00:00","description":"Villa Djunah Bar et Restaurant \u00e0 Juan les Pins appartient au Groupe O'Sullivans, propri\u00e9taires de pubs irlandais, restaurants, micro-brasseries en France","breadcrumb":{"@id":"https:\/\/villadjunah.com\/fr\/qui-sommes-nous\/#breadcrumb"},"inLanguage":"fr-FR","potentialAction":[{"@type":"ReadAction","target":["https:\/\/villadjunah.com\/fr\/qui-sommes-nous\/"]}]},{"@type":"BreadcrumbList","@id":"https:\/\/villadjunah.com\/fr\/qui-sommes-nous\/#breadcrumb","itemListElement":[{"@type":"ListItem","position":1,"name":"Home","item":"https:\/\/villadjunah.com\/fr\/"},{"@type":"ListItem","position":2,"name":"Qui sommes-nous ?"}]}]}},"acf":{"components":[{"acf_fc_layout":"text_image","text_right":false,"title":"D\u00e9couvrez O'Sullivans : Pubs Irlandais, Musique Live & Vie Nocturne en France","type":"h1","text":"<h2 data-start=\"92\" data-end=\"175\"><strong data-start=\"96\" data-end=\"173\">O&#8217;Sullivans Group : L\u2019Exp\u00e9rience des Pubs Irlandais en France depuis 1995<\/strong><\/h2>\n<p data-start=\"177\" data-end=\"739\">En 1995, le fondateur du <strong data-start=\"202\" data-end=\"224\">Groupe O&#8217;Sullivans<\/strong> a identifi\u00e9 un manque sur le march\u00e9 fran\u00e7ais : l\u2019absence de v\u00e9ritables pubs irlandais. Depuis plus de 25 ans, <strong data-start=\"335\" data-end=\"350\">O&#8217;Sullivans<\/strong> apporte une touche de convivialit\u00e9 irlandaise \u00e0 la culture fran\u00e7aise. Des pubs traditionnels aux \u00e9tablissements modernes, le groupe a \u00e9volu\u00e9, mais l\u2019ambiance chaleureuse et festive reste au c\u0153ur de chaque adresse. Cette approche s\u00e9duit les clients fran\u00e7ais, faisant d&#8217;<strong data-start=\"619\" data-end=\"634\">O&#8217;Sullivans<\/strong> une destination incontournable pour vivre une exp\u00e9rience de pub anglo-saxon, <strong data-start=\"712\" data-end=\"736\">100 % Made in France<\/strong>.<\/p>\n<h3 data-start=\"746\" data-end=\"872\"><\/h3>\n<p>&nbsp;<\/p>\n<h3 data-start=\"746\" data-end=\"872\"><strong data-start=\"750\" data-end=\"870\">O&#8217;Sullivans Irish Pubs : Boire un verre, regarder un match, profiter d\u2019un concert ou danser jusqu\u2019au bout de la nuit<\/strong><\/h3>\n<p data-start=\"874\" data-end=\"1345\">Marque phare du groupe, <strong data-start=\"898\" data-end=\"924\">O&#8217;Sullivans Irish Pubs<\/strong> est pr\u00e9sent \u00e0 Paris, en banlieue et dans le sud de la France. Surnomm\u00e9s affectueusement <strong data-start=\"1013\" data-end=\"1026\">&#8220;Sullies&#8221;<\/strong> par les habitu\u00e9s, ces pubs sont connus pour leur ambiance festive, leurs retransmissions sportives en direct et leurs soir\u00e9es anim\u00e9es. Que ce soit pour d\u00e9guster une pinte de Guinness, regarder un match ou faire la f\u00eate, <strong data-start=\"1247\" data-end=\"1342\">O&#8217;Sullivans vous accueille toujours avec un esprit convivial et une atmosph\u00e8re \u00e9lectrisante<\/strong>.<\/p>\n<p data-start=\"1347\" data-end=\"1416\"><strong data-start=\"1347\" data-end=\"1389\">D\u00e9couvrez nos O&#8217;Sullivans Irish Pubs :<\/strong><br data-start=\"1389\" data-end=\"1392\" \/><a href=\"#\" rel=\"noopener\" data-start=\"1392\" data-end=\"1414\">O&#8217;Sullivans Paris<\/a><\/p>\n<h3 data-start=\"1423\" data-end=\"1502\"><\/h3>\n<p>&nbsp;<\/p>\n<h3 data-start=\"1423\" data-end=\"1502\"><strong data-start=\"1427\" data-end=\"1500\">M\u00e9ribel : L\u2019Apr\u00e8s-Ski et la Vie Nocturne au C\u0153ur des Alpes Fran\u00e7aises<\/strong><\/h3>\n<p data-start=\"1504\" data-end=\"1837\">\u00c0 <strong data-start=\"1506\" data-end=\"1517\">M\u00e9ribel<\/strong>, la station de ski anglo-saxonne la plus pris\u00e9e des Alpes, le <strong data-start=\"1580\" data-end=\"1602\">Groupe O\u2019Sullivans<\/strong> a acquis certains des \u00e9tablissements d\u2019apr\u00e8s-ski et de nightlife les plus embl\u00e9matiques de <strong data-start=\"1694\" data-end=\"1714\">Marc Warner Ltd.<\/strong>. Que vous soyez saisonnier, local ou touriste, <strong data-start=\"1762\" data-end=\"1834\">O&#8217;Sullivans est une \u00e9tape incontournable pour prolonger votre soir\u00e9e<\/strong>.<\/p>\n<p data-start=\"1839\" data-end=\"1991\"><strong data-start=\"1839\" data-end=\"1883\">D\u00e9couvrez nos \u00e9tablissements \u00e0 M\u00e9ribel :<\/strong><br data-start=\"1883\" data-end=\"1886\" \/><a href=\"#\" rel=\"noopener\" data-start=\"1886\" data-end=\"1909\">La Taverne M\u00e9ribel<\/a><br data-start=\"1909\" data-end=\"1912\" \/><a href=\"#\" rel=\"noopener\" data-start=\"1912\" data-end=\"1938\">Le Rond Point M\u00e9ribel<\/a><br data-start=\"1938\" data-end=\"1941\" \/><a href=\"#\" rel=\"noopener\" data-start=\"1941\" data-end=\"1966\">Brewer\u2019s Den M\u00e9ribel<\/a><br data-start=\"1966\" data-end=\"1969\" \/><a href=\"#\" rel=\"noopener\" data-start=\"1969\" data-end=\"1989\">Sully\u2019s M\u00e9ribel<\/a><\/p>\n<h3 data-start=\"1998\" data-end=\"2055\"><\/h3>\n<p>&nbsp;<\/p>\n<h3 data-start=\"1998\" data-end=\"2055\"><strong data-start=\"2002\" data-end=\"2053\">Austra Rocks : Un Air d\u2019Australie \u00e0 Montpellier<\/strong><\/h3>\n<p data-start=\"2057\" data-end=\"2267\">Envie de nouveaut\u00e9 ? Direction <strong data-start=\"2088\" data-end=\"2122\">L\u2019Australian Bar \u00e0 Montpellier<\/strong> ! Inspir\u00e9 de la culture australienne, ce bar \u00e9tudiant propose une ambiance d\u00e9tendue o\u00f9 <strong data-start=\"2210\" data-end=\"2264\">la convivialit\u00e9 et l\u2019amusement sont au rendez-vous<\/strong>.<\/p>\n<p data-start=\"2269\" data-end=\"2331\"><strong data-start=\"2269\" data-end=\"2297\">D\u00e9couvrez Austra Rocks :<\/strong><br data-start=\"2297\" data-end=\"2300\" \/><a href=\"#\" rel=\"noopener\" data-start=\"2300\" data-end=\"2329\">Austra Rocks Montpellier<\/a><\/p>\n<h3 data-start=\"2338\" data-end=\"2400\"><\/h3>\n<p>&nbsp;<\/p>\n<h3 data-start=\"2338\" data-end=\"2400\"><strong data-start=\"2342\" data-end=\"2398\">Nouvelles Adresses : Des Lieux Iconiques, R\u00e9invent\u00e9s<\/strong><\/h3>\n<p data-start=\"2402\" data-end=\"2520\">En 2019, <strong data-start=\"2411\" data-end=\"2432\">O&#8217;Sullivans Group<\/strong> a enrichi son r\u00e9seau avec deux nouveaux lieux situ\u00e9s dans des b\u00e2timents historiques :<\/p>\n<h4 data-start=\"2522\" data-end=\"2590\"><strong data-start=\"2527\" data-end=\"2588\">Pub Saint Germain : Une Institution Parisienne Modernis\u00e9e<\/strong><\/h4>\n<p data-start=\"2592\" data-end=\"2916\">Au c\u0153ur de <strong data-start=\"2603\" data-end=\"2629\">Saint-Germain-des-Pr\u00e9s<\/strong>, <strong data-start=\"2631\" data-end=\"2652\">Pub Saint Germain<\/strong> a rouvert apr\u00e8s une r\u00e9novation majeure. Fond\u00e9 en mai 1968 par <strong data-start=\"2715\" data-end=\"2739\">Jean-Claude Cassagne<\/strong>, ce pub embl\u00e9matique s\u2019\u00e9tend d\u00e9sormais sur <strong data-start=\"2783\" data-end=\"2800\">quatre \u00e9tages<\/strong>, offrant un large choix d\u2019ambiances : <strong data-start=\"2839\" data-end=\"2913\">bar \u00e0 cocktails \u00e9l\u00e9gant, espace cosy avec billard, et bien plus encore<\/strong>.<\/p>\n<p data-start=\"2918\" data-end=\"2978\"><strong data-start=\"2918\" data-end=\"2951\">D\u00e9couvrez Pub Saint Germain :<\/strong><br data-start=\"2951\" data-end=\"2954\" \/><a href=\"#\" rel=\"noopener\" data-start=\"2954\" data-end=\"2976\">Pub Saint Germain<\/a><\/p>\n<h4 data-start=\"2980\" data-end=\"3057\"><strong data-start=\"2985\" data-end=\"3055\">Villa Djunah : Une Exp\u00e9rience M\u00e9diterran\u00e9enne au Charme Historique<\/strong><\/h4>\n<p data-start=\"3059\" data-end=\"3420\">Autrefois appel\u00e9e <strong data-start=\"3077\" data-end=\"3097\">Villa El Dj\u00e9za\u00efr<\/strong>, cette villa n\u00e9o-mauresque construite en <strong data-start=\"3139\" data-end=\"3147\">1922<\/strong> est aujourd\u2019hui <strong data-start=\"3164\" data-end=\"3180\">Villa Djunah<\/strong>, un restaurant-bar nich\u00e9 dans un cadre enchanteur \u00e0 <strong data-start=\"3233\" data-end=\"3250\">Juan-les-Pins<\/strong>. Proposant une cuisine m\u00e9diterran\u00e9enne raffin\u00e9e avec une touche orientale, <strong data-start=\"3326\" data-end=\"3417\">Villa Djunah offre un cadre unique pour savourer un repas ou un cocktail en bord de mer<\/strong>.<\/p>\n<p data-start=\"3422\" data-end=\"3484\"><strong data-start=\"3422\" data-end=\"3448\">Visitez Villa Djunah :<\/strong><br data-start=\"3448\" data-end=\"3451\" \/><a href=\"#\" rel=\"noopener\" data-start=\"3451\" data-end=\"3482\">Villa Djunah Juan-les-Pins<\/a><\/p>\n<h3 data-start=\"3491\" data-end=\"3561\"><\/h3>\n<p>&nbsp;<\/p>\n<h3 data-start=\"3491\" data-end=\"3561\"><strong data-start=\"3495\" data-end=\"3559\">Notre R\u00e9seau S\u2019agrandit : De Nouveaux Partenariats en France<\/strong><\/h3>\n<p data-start=\"3563\" data-end=\"3660\">Le <strong data-start=\"3566\" data-end=\"3588\">Groupe O&#8217;Sullivans<\/strong> s\u2019associe \u00e9galement \u00e0 des \u00e9tablissements uniques \u00e0 travers la France.<\/p>\n<h4 data-start=\"3662\" data-end=\"3737\"><strong data-start=\"3667\" data-end=\"3735\">Paname Brewing Company : L\u2019Artisanat Brassicole au C\u0153ur de Paris<\/strong><\/h4>\n<p data-start=\"3739\" data-end=\"4069\">Situ\u00e9e en plein c\u0153ur de la capitale, <strong data-start=\"3776\" data-end=\"3802\">Paname Brewing Company<\/strong> est une adresse incontournable pour les amateurs de bi\u00e8re artisanale. Avec une vue imprenable sur le canal, la brasserie a r\u00e9cemment ouvert un <strong data-start=\"3946\" data-end=\"4000\">nouveau site de production \u00e0 Cit\u00e9 Fertile (Pantin)<\/strong>, un espace d\u00e9di\u00e9 \u00e0 l\u2019\u00e9coresponsabilit\u00e9 et aux initiatives locales.<\/p>\n<p data-start=\"4071\" data-end=\"4141\"><strong data-start=\"4071\" data-end=\"4109\">D\u00e9couvrez Paname Brewing Company :<\/strong><br data-start=\"4109\" data-end=\"4112\" \/><a href=\"#\" rel=\"noopener\" data-start=\"4112\" data-end=\"4139\">Paname Brewing Company<\/a><\/p>\n<h4 data-start=\"4143\" data-end=\"4210\"><strong data-start=\"4148\" data-end=\"4208\">Waka Bar \/ Lunatiki : Cocktails et Vue Imprenable \u00e0 Nice<\/strong><\/h4>\n<p data-start=\"4212\" data-end=\"4424\">\u00c0 <strong data-start=\"4214\" data-end=\"4222\">Nice<\/strong>, <strong data-start=\"4224\" data-end=\"4248\">Waka Bar et Lunatiki<\/strong> proposent des cocktails originaux avec une <strong data-start=\"4292\" data-end=\"4334\">vue panoramique sur la baie et le port<\/strong>. Ces lieux offrent une ambiance exotique et festive, id\u00e9ale pour une soir\u00e9e entre amis.<\/p>\n<p data-start=\"4426\" data-end=\"4500\"><strong data-start=\"4426\" data-end=\"4462\">D\u00e9couvrez Waka Bar et Lunatiki :<\/strong><br data-start=\"4462\" data-end=\"4465\" \/><a href=\"#\" rel=\"noopener\" data-start=\"4465\" data-end=\"4478\">Waka Bar<\/a><br data-start=\"4478\" data-end=\"4481\" \/><a href=\"#\" rel=\"noopener\" data-start=\"4481\" data-end=\"4498\">Lunatiki Bar<\/a><\/p>\n<h3 data-start=\"4507\" data-end=\"4570\"><\/h3>\n<p>&nbsp;<\/p>\n<h3 data-start=\"4507\" data-end=\"4570\"><strong data-start=\"4511\" data-end=\"4568\">Nouvelles Ouvertures : L&#8217;Avenir du Groupe O&#8217;Sullivans<\/strong><\/h3>\n<p data-start=\"4572\" data-end=\"4723\">Le <strong data-start=\"4575\" data-end=\"4597\">Groupe O&#8217;Sullivans<\/strong> continue de se d\u00e9velopper et d\u2019\u00e9tendre son concept unique \u00e0 travers la France. Restez \u00e0 l\u2019aff\u00fbt des prochaines ouvertures :<\/p>\n<ul data-start=\"4725\" data-end=\"5259\">\n<li data-start=\"4725\" data-end=\"4923\">\n<p data-start=\"4727\" data-end=\"4923\"><strong data-start=\"4727\" data-end=\"4760\">Boom Boom Villette &amp; Shuffled<\/strong> \u2013 Un lieu vibrant au c\u0153ur du <strong data-start=\"4790\" data-end=\"4821\">19e arrondissement de Paris<\/strong>, o\u00f9 se m\u00ealent musique, animations et moments festifs.<br data-start=\"4875\" data-end=\"4878\" \/><a href=\"#\" rel=\"noopener\" data-start=\"4882\" data-end=\"4905\">Boom Boom Villette<\/a> | <a href=\"#\" rel=\"noopener\" data-start=\"4908\" data-end=\"4921\">Shuffled<\/a><\/p>\n<\/li>\n<li data-start=\"4925\" data-end=\"5078\">\n<p data-start=\"4927\" data-end=\"5078\"><strong data-start=\"4927\" data-end=\"4952\">Austra Rocks Grenoble<\/strong> \u2013 Une adresse anim\u00e9e o\u00f9 musique et ambiance festive garantissent des soir\u00e9es inoubliables.<br data-start=\"5043\" data-end=\"5046\" \/><a href=\"#\" rel=\"noopener\" data-start=\"5050\" data-end=\"5076\">Austra Rocks Grenoble<\/a><\/p>\n<\/li>\n<li data-start=\"5080\" data-end=\"5259\">\n<p data-start=\"5082\" data-end=\"5259\"><strong data-start=\"5082\" data-end=\"5122\">O&#8217;Sullivans Grenoble (PROCHAINEMENT)<\/strong> \u2013 Le nouvel \u00e9tablissement du groupe \u00e0 <strong data-start=\"5161\" data-end=\"5173\">Grenoble<\/strong>, bient\u00f4t pr\u00eat \u00e0 offrir <strong data-start=\"5197\" data-end=\"5256\">l\u2019exp\u00e9rience unique d\u2019un pub O&#8217;Sullivans dans les Alpes<\/strong>.<\/p>\n<\/li>\n<\/ul>\n<h3 data-start=\"5266\" data-end=\"5306\"><\/h3>\n<p>&nbsp;<\/p>\n<h3 data-start=\"5266\" data-end=\"5306\"><strong data-start=\"5270\" data-end=\"5304\">Pourquoi Choisir O&#8217;Sullivans ?<\/strong><\/h3>\n<p data-start=\"5308\" data-end=\"5531\">Que vous soyez \u00e0 <strong data-start=\"5325\" data-end=\"5368\">Paris, M\u00e9ribel, Montpellier ou ailleurs<\/strong>, <strong data-start=\"5370\" data-end=\"5385\">O&#8217;Sullivans<\/strong> vous garantit une ambiance chaleureuse et festive, id\u00e9ale pour <strong data-start=\"5449\" data-end=\"5528\">partager un verre, profiter de la musique et vivre des moments inoubliables<\/strong>.<\/p>\n<p data-start=\"5533\" data-end=\"5637\" data-is-last-node=\"\" data-is-only-node=\"\"><strong data-start=\"5533\" data-end=\"5637\" data-is-last-node=\"\">Rejoignez-nous dans l\u2019un de nos \u00e9tablissements et d\u00e9couvrez l\u2019\u00e9nergie unique de nos pubs en France !<\/strong><\/p>\n","subtext":"","image":{"ID":6288,"id":6288,"title":"OSULLIVANS GROUP - Etablissements","filename":"OSULLIVANS-GROUP-Etablissements.png","filesize":141120,"url":"https:\/\/villadjunah.com\/wp-content\/uploads\/2025\/02\/OSULLIVANS-GROUP-Etablissements.png","link":"https:\/\/villadjunah.com\/fr\/qui-sommes-nous\/attachment\/osullivans-group-etablissements-2\/","alt":"","author":"4","description":"","caption":"","name":"osullivans-group-etablissements-2","status":"inherit","uploaded_to":157,"date":"2025-02-27 00:36:17","modified":"2025-02-27 00:36:17","menu_order":0,"mime_type":"image\/png","type":"image","subtype":"png","icon":"https:\/\/villadjunah.com\/wp-includes\/images\/media\/default.png","width":1328,"height":939,"sizes":{"thumbnail":"https:\/\/villadjunah.com\/wp-content\/uploads\/2025\/02\/OSULLIVANS-GROUP-Etablissements-150x150.png","thumbnail-width":150,"thumbnail-height":150,"medium":"https:\/\/villadjunah.com\/wp-content\/uploads\/2025\/02\/OSULLIVANS-GROUP-Etablissements-300x212.png","medium-width":300,"medium-height":212,"medium_large":"https:\/\/villadjunah.com\/wp-content\/uploads\/2025\/02\/OSULLIVANS-GROUP-Etablissements-768x543.png","medium_large-width":768,"medium_large-height":543,"large":"https:\/\/villadjunah.com\/wp-content\/uploads\/2025\/02\/OSULLIVANS-GROUP-Etablissements-1024x724.png","large-width":1024,"large-height":724,"1536x1536":"https:\/\/villadjunah.com\/wp-content\/uploads\/2025\/02\/OSULLIVANS-GROUP-Etablissements.png","1536x1536-width":1328,"1536x1536-height":939,"2048x2048":"https:\/\/villadjunah.com\/wp-content\/uploads\/2025\/02\/OSULLIVANS-GROUP-Etablissements.png","2048x2048-width":1328,"2048x2048-height":939,"wide":"https:\/\/villadjunah.com\/wp-content\/uploads\/2025\/02\/OSULLIVANS-GROUP-Etablissements.png","wide-width":1328,"wide-height":939,"header_logo":"https:\/\/villadjunah.com\/wp-content\/uploads\/2025\/02\/OSULLIVANS-GROUP-Etablissements-165x117.png","header_logo-width":165,"header_logo-height":117,"footer_logo":"https:\/\/villadjunah.com\/wp-content\/uploads\/2025\/02\/OSULLIVANS-GROUP-Etablissements-288x204.png","footer_logo-width":288,"footer_logo-height":204,"icon_small":"https:\/\/villadjunah.com\/wp-content\/uploads\/2025\/02\/OSULLIVANS-GROUP-Etablissements-20x14.png","icon_small-width":20,"icon_small-height":14,"icon_medium":"https:\/\/villadjunah.com\/wp-content\/uploads\/2025\/02\/OSULLIVANS-GROUP-Etablissements-42x30.png","icon_medium-width":42,"icon_medium-height":30,"slide":"https:\/\/villadjunah.com\/wp-content\/uploads\/2025\/02\/OSULLIVANS-GROUP-Etablissements-432x305.png","slide-width":432,"slide-height":305,"news_post":"https:\/\/villadjunah.com\/wp-content\/uploads\/2025\/02\/OSULLIVANS-GROUP-Etablissements-348x246.png","news_post-width":348,"news_post-height":246}},"button":"","image_neg":false}]},"_links":{"self":[{"href":"https:\/\/villadjunah.com\/fr\/wp-json\/wp\/v2\/pages\/157"}],"collection":[{"href":"https:\/\/villadjunah.com\/fr\/wp-json\/wp\/v2\/pages"}],"about":[{"href":"https:\/\/villadjunah.com\/fr\/wp-json\/wp\/v2\/types\/page"}],"author":[{"embeddable":true,"href":"https:\/\/villadjunah.com\/fr\/wp-json\/wp\/v2\/users\/5"}],"replies":[{"embeddable":true,"href":"https:\/\/villadjunah.com\/fr\/wp-json\/wp\/v2\/comments?post=157"}],"version-history":[{"count":21,"href":"https:\/\/villadjunah.com\/fr\/wp-json\/wp\/v2\/pages\/157\/revisions"}],"predecessor-version":[{"id":6319,"href":"https:\/\/villadjunah.com\/fr\/wp-json\/wp\/v2\/pages\/157\/revisions\/6319"}],"wp:attachment":[{"href":"https:\/\/villadjunah.com\/fr\/wp-json\/wp\/v2\/media?parent=157"}],"curies":[{"name":"wp","href":"https:\/\/api.w.org\/{rel}","templated":true}]}}