{"id":1081,"date":"2020-12-16T15:04:03","date_gmt":"2020-12-16T14:04:03","guid":{"rendered":"https:\/\/villadjunah.com\/?page_id=1081"},"modified":"2025-03-01T21:32:20","modified_gmt":"2025-03-01T20:32:20","slug":"cheques-cadeaux","status":"publish","type":"page","link":"https:\/\/villadjunah.com\/fr\/cheques-cadeaux\/","title":{"rendered":"Ch\u00e8ques cadeaux"},"content":{"rendered":"","protected":false},"excerpt":{"rendered":"","protected":false},"author":5,"featured_media":0,"parent":0,"menu_order":0,"comment_status":"closed","ping_status":"closed","template":"","meta":{"_monsterinsights_skip_tracking":false,"_monsterinsights_sitenote_active":false,"_monsterinsights_sitenote_note":"","_monsterinsights_sitenote_category":0},"aioseo_notices":[],"yoast_head":"<!-- This site is optimized with the Yoast SEO plugin v18.5.1 - https:\/\/yoast.com\/wordpress\/plugins\/seo\/ -->\n<title>Ch\u00e8ques Cadeaux Villa Djunah: exp\u00e9rience festive et cadre exceptionnel<\/title>\n<meta name=\"description\" content=\"Offrez \u00e0 vos proches une exp\u00e9rience unique \u00e0 Villa Djunah. Nos ch\u00e8ques cadeaux sont valables 12 mois dans tous nos espaces.\" \/>\n<meta name=\"robots\" content=\"index, follow, max-snippet:-1, max-image-preview:large, max-video-preview:-1\" \/>\n<link rel=\"canonical\" href=\"https:\/\/villadjunah.com\/fr\/cheques-cadeaux\/\" \/>\n<meta property=\"og:locale\" content=\"fr_FR\" \/>\n<meta property=\"og:type\" content=\"article\" \/>\n<meta property=\"og:title\" content=\"Ch\u00e8ques Cadeaux Villa Djunah: exp\u00e9rience festive et cadre exceptionnel\" \/>\n<meta property=\"og:description\" content=\"Offrez \u00e0 vos proches une exp\u00e9rience unique \u00e0 Villa Djunah. Nos ch\u00e8ques cadeaux sont valables 12 mois dans tous nos espaces.\" \/>\n<meta property=\"og:url\" content=\"https:\/\/villadjunah.com\/fr\/cheques-cadeaux\/\" \/>\n<meta property=\"og:site_name\" content=\"Villa Djunah\" \/>\n<meta property=\"article:modified_time\" content=\"2025-03-01T20:32:20+00:00\" \/>\n<meta name=\"twitter:card\" content=\"summary_large_image\" \/>\n<script type=\"application\/ld+json\" class=\"yoast-schema-graph\">{\"@context\":\"https:\/\/schema.org\",\"@graph\":[{\"@type\":\"Organization\",\"@id\":\"https:\/\/villadjunah.com\/#organization\",\"name\":\"Villa Djunah\",\"url\":\"https:\/\/villadjunah.com\/\",\"sameAs\":[],\"logo\":{\"@type\":\"ImageObject\",\"@id\":\"https:\/\/villadjunah.com\/#logo\",\"inLanguage\":\"fr-FR\",\"url\":\"https:\/\/villadjunah.com\/wp-content\/uploads\/2020\/06\/VD_Logo_Couleur-1.png\",\"contentUrl\":\"https:\/\/villadjunah.com\/wp-content\/uploads\/2020\/06\/VD_Logo_Couleur-1.png\",\"width\":174,\"height\":117,\"caption\":\"Villa Djunah\"},\"image\":{\"@id\":\"https:\/\/villadjunah.com\/#logo\"}},{\"@type\":\"WebSite\",\"@id\":\"https:\/\/villadjunah.com\/#website\",\"url\":\"https:\/\/villadjunah.com\/\",\"name\":\"Villa Djunah\",\"description\":\"Restaurant in Juan les pins\",\"publisher\":{\"@id\":\"https:\/\/villadjunah.com\/#organization\"},\"potentialAction\":[{\"@type\":\"SearchAction\",\"target\":{\"@type\":\"EntryPoint\",\"urlTemplate\":\"https:\/\/villadjunah.com\/?s={search_term_string}\"},\"query-input\":\"required name=search_term_string\"}],\"inLanguage\":\"fr-FR\"},{\"@type\":\"WebPage\",\"@id\":\"https:\/\/villadjunah.com\/fr\/cheques-cadeaux\/#webpage\",\"url\":\"https:\/\/villadjunah.com\/fr\/cheques-cadeaux\/\",\"name\":\"Ch\u00e8ques Cadeaux Villa Djunah: exp\u00e9rience festive et cadre exceptionnel\",\"isPartOf\":{\"@id\":\"https:\/\/villadjunah.com\/#website\"},\"datePublished\":\"2020-12-16T14:04:03+00:00\",\"dateModified\":\"2025-03-01T20:32:20+00:00\",\"description\":\"Offrez \u00e0 vos proches une exp\u00e9rience unique \u00e0 Villa Djunah. Nos ch\u00e8ques cadeaux sont valables 12 mois dans tous nos espaces.\",\"breadcrumb\":{\"@id\":\"https:\/\/villadjunah.com\/fr\/cheques-cadeaux\/#breadcrumb\"},\"inLanguage\":\"fr-FR\",\"potentialAction\":[{\"@type\":\"ReadAction\",\"target\":[\"https:\/\/villadjunah.com\/fr\/cheques-cadeaux\/\"]}]},{\"@type\":\"BreadcrumbList\",\"@id\":\"https:\/\/villadjunah.com\/fr\/cheques-cadeaux\/#breadcrumb\",\"itemListElement\":[{\"@type\":\"ListItem\",\"position\":1,\"name\":\"Home\",\"item\":\"https:\/\/villadjunah.com\/fr\/\"},{\"@type\":\"ListItem\",\"position\":2,\"name\":\"Ch\u00e8ques cadeaux\"}]}]}<\/script>\n<!-- \/ Yoast SEO plugin. -->","yoast_head_json":{"title":"Ch\u00e8ques Cadeaux Villa Djunah: exp\u00e9rience festive et cadre exceptionnel","description":"Offrez \u00e0 vos proches une exp\u00e9rience unique \u00e0 Villa Djunah. Nos ch\u00e8ques cadeaux sont valables 12 mois dans tous nos espaces.","robots":{"index":"index","follow":"follow","max-snippet":"max-snippet:-1","max-image-preview":"max-image-preview:large","max-video-preview":"max-video-preview:-1"},"canonical":"https:\/\/villadjunah.com\/fr\/cheques-cadeaux\/","og_locale":"fr_FR","og_type":"article","og_title":"Ch\u00e8ques Cadeaux Villa Djunah: exp\u00e9rience festive et cadre exceptionnel","og_description":"Offrez \u00e0 vos proches une exp\u00e9rience unique \u00e0 Villa Djunah. Nos ch\u00e8ques cadeaux sont valables 12 mois dans tous nos espaces.","og_url":"https:\/\/villadjunah.com\/fr\/cheques-cadeaux\/","og_site_name":"Villa Djunah","article_modified_time":"2025-03-01T20:32:20+00:00","twitter_card":"summary_large_image","schema":{"@context":"https:\/\/schema.org","@graph":[{"@type":"Organization","@id":"https:\/\/villadjunah.com\/#organization","name":"Villa Djunah","url":"https:\/\/villadjunah.com\/","sameAs":[],"logo":{"@type":"ImageObject","@id":"https:\/\/villadjunah.com\/#logo","inLanguage":"fr-FR","url":"https:\/\/villadjunah.com\/wp-content\/uploads\/2020\/06\/VD_Logo_Couleur-1.png","contentUrl":"https:\/\/villadjunah.com\/wp-content\/uploads\/2020\/06\/VD_Logo_Couleur-1.png","width":174,"height":117,"caption":"Villa Djunah"},"image":{"@id":"https:\/\/villadjunah.com\/#logo"}},{"@type":"WebSite","@id":"https:\/\/villadjunah.com\/#website","url":"https:\/\/villadjunah.com\/","name":"Villa Djunah","description":"Restaurant in Juan les pins","publisher":{"@id":"https:\/\/villadjunah.com\/#organization"},"potentialAction":[{"@type":"SearchAction","target":{"@type":"EntryPoint","urlTemplate":"https:\/\/villadjunah.com\/?s={search_term_string}"},"query-input":"required name=search_term_string"}],"inLanguage":"fr-FR"},{"@type":"WebPage","@id":"https:\/\/villadjunah.com\/fr\/cheques-cadeaux\/#webpage","url":"https:\/\/villadjunah.com\/fr\/cheques-cadeaux\/","name":"Ch\u00e8ques Cadeaux Villa Djunah: exp\u00e9rience festive et cadre exceptionnel","isPartOf":{"@id":"https:\/\/villadjunah.com\/#website"},"datePublished":"2020-12-16T14:04:03+00:00","dateModified":"2025-03-01T20:32:20+00:00","description":"Offrez \u00e0 vos proches une exp\u00e9rience unique \u00e0 Villa Djunah. Nos ch\u00e8ques cadeaux sont valables 12 mois dans tous nos espaces.","breadcrumb":{"@id":"https:\/\/villadjunah.com\/fr\/cheques-cadeaux\/#breadcrumb"},"inLanguage":"fr-FR","potentialAction":[{"@type":"ReadAction","target":["https:\/\/villadjunah.com\/fr\/cheques-cadeaux\/"]}]},{"@type":"BreadcrumbList","@id":"https:\/\/villadjunah.com\/fr\/cheques-cadeaux\/#breadcrumb","itemListElement":[{"@type":"ListItem","position":1,"name":"Home","item":"https:\/\/villadjunah.com\/fr\/"},{"@type":"ListItem","position":2,"name":"Ch\u00e8ques cadeaux"}]}]}},"acf":{"components":[{"acf_fc_layout":"title","type":"h1","align":"center","title":"CHEQUES CADEAUX","color":"#0B534A","font_fam":"Rollando","big":true},{"acf_fc_layout":"space","value":"4rem"},{"acf_fc_layout":"text_image","text_right":true,"title":"","type":"h1","text":"<div class=\"voucher__summary\">\n<h2>Offrez une exp\u00e9rience unique \u00e0 vos proches \u00e0 Villa Djunah.<\/h2>\n<p>Cr\u00e9ez un moment magique \u00e0 la Villa Djunah en optant pour notre ch\u00e8que cadeau valable dans tous nos espaces : restaurant, lounge bar ou beach club.<\/p>\n<p>D&#8217;une valeur entre 50\u20ac &#8211; 200\u20ac (ou plus), choisissez le montant de votre choix pour r\u00e9pondre au mieux \u00e0 cette occasion.<\/p>\n<\/div>\n<p><strong>Ch\u00e8ques cadeaux valables 12 mois \u00e0 date de cr\u00e9ation de celui-ci.<\/strong><\/p>\n<p><strong>Conditions\u00a0g\u00e9n\u00e9rales applicables.\u00a0<\/strong><\/p>\n","subtext":"","image":{"ID":5372,"id":5372,"title":"Djunah Plage - 088","filename":"Djunah-Plage-088-scaled.jpg","filesize":917289,"url":"https:\/\/villadjunah.com\/wp-content\/uploads\/2023\/12\/Djunah-Plage-088-scaled.jpg","link":"https:\/\/villadjunah.com\/fr\/cheques-cadeaux\/attachment\/djunah-plage-088-2\/","alt":"","author":"4","description":"","caption":"","name":"djunah-plage-088-2","status":"inherit","uploaded_to":1081,"date":"2023-12-20 12:48:03","modified":"2023-12-20 12:48:03","menu_order":0,"mime_type":"image\/jpeg","type":"image","subtype":"jpeg","icon":"https:\/\/villadjunah.com\/wp-includes\/images\/media\/default.png","width":1708,"height":2560,"sizes":{"thumbnail":"https:\/\/villadjunah.com\/wp-content\/uploads\/2023\/12\/Djunah-Plage-088-150x150.jpg","thumbnail-width":150,"thumbnail-height":150,"medium":"https:\/\/villadjunah.com\/wp-content\/uploads\/2023\/12\/Djunah-Plage-088-200x300.jpg","medium-width":200,"medium-height":300,"medium_large":"https:\/\/villadjunah.com\/wp-content\/uploads\/2023\/12\/Djunah-Plage-088-768x1151.jpg","medium_large-width":768,"medium_large-height":1151,"large":"https:\/\/villadjunah.com\/wp-content\/uploads\/2023\/12\/Djunah-Plage-088-683x1024.jpg","large-width":683,"large-height":1024,"1536x1536":"https:\/\/villadjunah.com\/wp-content\/uploads\/2023\/12\/Djunah-Plage-088-1025x1536.jpg","1536x1536-width":1025,"1536x1536-height":1536,"2048x2048":"https:\/\/villadjunah.com\/wp-content\/uploads\/2023\/12\/Djunah-Plage-088-1366x2048.jpg","2048x2048-width":1366,"2048x2048-height":2048,"wide":"https:\/\/villadjunah.com\/wp-content\/uploads\/2023\/12\/Djunah-Plage-088-683x1024.jpg","wide-width":683,"wide-height":1024,"header_logo":"https:\/\/villadjunah.com\/wp-content\/uploads\/2023\/12\/Djunah-Plage-088-78x117.jpg","header_logo-width":78,"header_logo-height":117,"footer_logo":"https:\/\/villadjunah.com\/wp-content\/uploads\/2023\/12\/Djunah-Plage-088-153x229.jpg","footer_logo-width":153,"footer_logo-height":229,"icon_small":"https:\/\/villadjunah.com\/wp-content\/uploads\/2023\/12\/Djunah-Plage-088-13x20.jpg","icon_small-width":13,"icon_small-height":20,"icon_medium":"https:\/\/villadjunah.com\/wp-content\/uploads\/2023\/12\/Djunah-Plage-088-28x42.jpg","icon_medium-width":28,"icon_medium-height":42,"slide":"https:\/\/villadjunah.com\/wp-content\/uploads\/2023\/12\/Djunah-Plage-088-350x525.jpg","slide-width":350,"slide-height":525,"news_post":"https:\/\/villadjunah.com\/wp-content\/uploads\/2023\/12\/Djunah-Plage-088-164x246.jpg","news_post-width":164,"news_post-height":246}},"button":{"title":"ACHETER","url":"https:\/\/bookings.zenchef.com\/shop?rid=361368&fullscreen=1","target":"_blank"},"image_neg":false},{"acf_fc_layout":"space","value":"4rem"}]},"_links":{"self":[{"href":"https:\/\/villadjunah.com\/fr\/wp-json\/wp\/v2\/pages\/1081"}],"collection":[{"href":"https:\/\/villadjunah.com\/fr\/wp-json\/wp\/v2\/pages"}],"about":[{"href":"https:\/\/villadjunah.com\/fr\/wp-json\/wp\/v2\/types\/page"}],"author":[{"embeddable":true,"href":"https:\/\/villadjunah.com\/fr\/wp-json\/wp\/v2\/users\/5"}],"replies":[{"embeddable":true,"href":"https:\/\/villadjunah.com\/fr\/wp-json\/wp\/v2\/comments?post=1081"}],"version-history":[{"count":18,"href":"https:\/\/villadjunah.com\/fr\/wp-json\/wp\/v2\/pages\/1081\/revisions"}],"predecessor-version":[{"id":6301,"href":"https:\/\/villadjunah.com\/fr\/wp-json\/wp\/v2\/pages\/1081\/revisions\/6301"}],"wp:attachment":[{"href":"https:\/\/villadjunah.com\/fr\/wp-json\/wp\/v2\/media?parent=1081"}],"curies":[{"name":"wp","href":"https:\/\/api.w.org\/{rel}","templated":true}]}}